{"id":115,"date":"2015-02-21T18:21:21","date_gmt":"2015-02-21T18:21:21","guid":{"rendered":"http:\/\/radosovce.fara.sk\/?page_id=115"},"modified":"2017-07-07T03:28:41","modified_gmt":"2017-07-07T02:28:41","slug":"kaplnka-vs-stanislava","status":"publish","type":"page","link":"https:\/\/radosovce.fara.sk\/?page_id=115","title":{"rendered":"Kaplnka sv. Stanislava"},"content":{"rendered":"<h4>\n\tKaplnka sv. Stanislava- mal&aacute; klasistick&aacute; centr&aacute;lna stavba zaklenut&aacute; ve\u013ekou kupolou zo za\u010diatku 19. storo\u010dia je dominantou hornej \u010dasti obce. Stavba m&aacute; pristaven&eacute; polkruhov&eacute; presbyt&eacute;rium a&nbsp;na v&yacute;chodnej strane predsie\u0148, ktor&aacute; je z&aacute;rove\u0148 ve\u017eou. Na centr&aacute;lnej stavbe s&uacute; okn&aacute; termov&eacute;, na predsieni lomen&eacute;. Fas&aacute;da strednej \u010dasti je \u010dlenen&aacute; liz&eacute;nami. Vn&uacute;torn&eacute; zariadenie kaplnky je z&nbsp;20. storo\u010dia. Cennej&scaron;&iacute; je obraz sv. Stanislava a&nbsp;hlavne obraz sn&iacute;manie z&nbsp;kr&iacute;\u017ea.<br \/>\n<\/h4>\n<p>\n\t<span style=\"font-family:georgia,serif;\"><a href=\"https:\/\/radosovce.fara.sk\/wp-content\/uploads\/2015\/02\/IMAG0695.jpg\"><img loading=\"lazy\" decoding=\"async\" alt=\"IMAG0695\" class=\"aligncenter wp-image-474 size-large\" height=\"612\" src=\"https:\/\/radosovce.fara.sk\/wp-content\/uploads\/2015\/02\/IMAG0695-1024x612.jpg\" width=\"1024\" srcset=\"https:\/\/radosovce.fara.sk\/wp-content\/uploads\/2015\/02\/IMAG0695-1024x612.jpg 1024w, https:\/\/radosovce.fara.sk\/wp-content\/uploads\/2015\/02\/IMAG0695-300x179.jpg 300w, https:\/\/radosovce.fara.sk\/wp-content\/uploads\/2015\/02\/IMAG0695.jpg 1800w\" sizes=\"auto, (max-width: 1024px) 100vw, 1024px\" \/><\/a><\/span>\n<\/p>\n<p>\n\t&nbsp;\n<\/p>\n<p style=\"text-align: center;\">\n\t&nbsp; &nbsp; &nbsp; &nbsp;\n<\/p>\n<hr \/>\n<p style=\"text-align: center;\">\n\t<span style=\"font-size:26px;\"><span style=\"color:#003399;\"><u><span style=\"font-family:arial,helvetica,sans-serif;\">&nbsp;<\/span><\/u><\/span><span style=\"color:#003399;\"><u><span style=\"font-family:arial,helvetica,sans-serif;\">Bohoslu\u017eba 4. m&aacute;j 2017&nbsp;<\/span><\/u><\/span><\/span>\n<\/p>\n<\/p>\n\n\t\t<style type=\"text\/css\">\n\t\t\t#gallery-1 {\n\t\t\t\tmargin: auto;\n\t\t\t}\n\t\t\t#gallery-1 .gallery-item {\n\t\t\t\tfloat: left;\n\t\t\t\tmargin-top: 10px;\n\t\t\t\ttext-align: center;\n\t\t\t\twidth: 25%;\n\t\t\t}\n\t\t\t#gallery-1 img {\n\t\t\t\tborder: 2px solid #cfcfcf;\n\t\t\t}\n\t\t\t#gallery-1 .gallery-caption {\n\t\t\t\tmargin-left: 0;\n\t\t\t}\n\t\t\t\/* see gallery_shortcode() in wp-includes\/media.php *\/\n\t\t<\/style>\n\t\t<div id='gallery-1' class='gallery galleryid-115 gallery-columns-4 gallery-size-thumbnail'><dl class='gallery-item'>\n\t\t\t<dt class='gallery-icon portrait'>\n\t\t\t\t<a href='https:\/\/radosovce.fara.sk\/wp-content\/uploads\/2015\/02\/DSCN0682.jpg'><img loading=\"lazy\" decoding=\"async\" width=\"150\" height=\"150\" src=\"https:\/\/radosovce.fara.sk\/wp-content\/uploads\/2015\/02\/DSCN0682-150x150.jpg\" class=\"attachment-thumbnail size-thumbnail\" alt=\"\" data-wp-pid=\"1765\" \/><\/a>\n\t\t\t<\/dt><\/dl><dl class='gallery-item'>\n\t\t\t<dt class='gallery-icon landscape'>\n\t\t\t\t<a href='https:\/\/radosovce.fara.sk\/wp-content\/uploads\/2015\/02\/DSCN0690.jpg'><img loading=\"lazy\" decoding=\"async\" width=\"150\" height=\"150\" src=\"https:\/\/radosovce.fara.sk\/wp-content\/uploads\/2015\/02\/DSCN0690-150x150.jpg\" class=\"attachment-thumbnail size-thumbnail\" alt=\"\" data-wp-pid=\"1764\" \/><\/a>\n\t\t\t<\/dt><\/dl><dl class='gallery-item'>\n\t\t\t<dt class='gallery-icon landscape'>\n\t\t\t\t<a href='https:\/\/radosovce.fara.sk\/wp-content\/uploads\/2015\/02\/DSCN0692.jpg'><img loading=\"lazy\" decoding=\"async\" width=\"150\" height=\"150\" src=\"https:\/\/radosovce.fara.sk\/wp-content\/uploads\/2015\/02\/DSCN0692-150x150.jpg\" class=\"attachment-thumbnail size-thumbnail\" alt=\"\" data-wp-pid=\"1763\" \/><\/a>\n\t\t\t<\/dt><\/dl><dl class='gallery-item'>\n\t\t\t<dt class='gallery-icon landscape'>\n\t\t\t\t<a href='https:\/\/radosovce.fara.sk\/wp-content\/uploads\/2015\/02\/DSCN0695.jpg'><img loading=\"lazy\" decoding=\"async\" width=\"150\" height=\"150\" src=\"https:\/\/radosovce.fara.sk\/wp-content\/uploads\/2015\/02\/DSCN0695-150x150.jpg\" class=\"attachment-thumbnail size-thumbnail\" alt=\"\" data-wp-pid=\"1762\" \/><\/a>\n\t\t\t<\/dt><\/dl><br style=\"clear: both\" \/><dl class='gallery-item'>\n\t\t\t<dt class='gallery-icon landscape'>\n\t\t\t\t<a href='https:\/\/radosovce.fara.sk\/wp-content\/uploads\/2015\/02\/DSCN0698.jpg'><img loading=\"lazy\" decoding=\"async\" width=\"150\" height=\"150\" src=\"https:\/\/radosovce.fara.sk\/wp-content\/uploads\/2015\/02\/DSCN0698-150x150.jpg\" class=\"attachment-thumbnail size-thumbnail\" alt=\"\" data-wp-pid=\"1761\" \/><\/a>\n\t\t\t<\/dt><\/dl><dl class='gallery-item'>\n\t\t\t<dt class='gallery-icon landscape'>\n\t\t\t\t<a href='https:\/\/radosovce.fara.sk\/wp-content\/uploads\/2015\/02\/DSCN0699.jpg'><img loading=\"lazy\" decoding=\"async\" width=\"150\" height=\"150\" src=\"https:\/\/radosovce.fara.sk\/wp-content\/uploads\/2015\/02\/DSCN0699-150x150.jpg\" class=\"attachment-thumbnail size-thumbnail\" alt=\"\" data-wp-pid=\"1760\" \/><\/a>\n\t\t\t<\/dt><\/dl><dl class='gallery-item'>\n\t\t\t<dt class='gallery-icon landscape'>\n\t\t\t\t<a href='https:\/\/radosovce.fara.sk\/wp-content\/uploads\/2015\/02\/DSCN0701.jpg'><img loading=\"lazy\" decoding=\"async\" width=\"150\" height=\"150\" src=\"https:\/\/radosovce.fara.sk\/wp-content\/uploads\/2015\/02\/DSCN0701-150x150.jpg\" class=\"attachment-thumbnail size-thumbnail\" alt=\"\" data-wp-pid=\"1759\" \/><\/a>\n\t\t\t<\/dt><\/dl><dl class='gallery-item'>\n\t\t\t<dt class='gallery-icon landscape'>\n\t\t\t\t<a href='https:\/\/radosovce.fara.sk\/wp-content\/uploads\/2015\/02\/DSCN0706.jpg'><img loading=\"lazy\" decoding=\"async\" width=\"150\" height=\"150\" src=\"https:\/\/radosovce.fara.sk\/wp-content\/uploads\/2015\/02\/DSCN0706-150x150.jpg\" class=\"attachment-thumbnail size-thumbnail\" alt=\"\" data-wp-pid=\"1758\" \/><\/a>\n\t\t\t<\/dt><\/dl><br style=\"clear: both\" \/><dl class='gallery-item'>\n\t\t\t<dt class='gallery-icon landscape'>\n\t\t\t\t<a href='https:\/\/radosovce.fara.sk\/wp-content\/uploads\/2015\/02\/DSCN0708.jpg'><img loading=\"lazy\" decoding=\"async\" width=\"150\" height=\"150\" src=\"https:\/\/radosovce.fara.sk\/wp-content\/uploads\/2015\/02\/DSCN0708-150x150.jpg\" class=\"attachment-thumbnail size-thumbnail\" alt=\"\" data-wp-pid=\"1757\" \/><\/a>\n\t\t\t<\/dt><\/dl><dl class='gallery-item'>\n\t\t\t<dt class='gallery-icon landscape'>\n\t\t\t\t<a href='https:\/\/radosovce.fara.sk\/wp-content\/uploads\/2015\/02\/DSCN0713.jpg'><img loading=\"lazy\" decoding=\"async\" width=\"150\" height=\"150\" src=\"https:\/\/radosovce.fara.sk\/wp-content\/uploads\/2015\/02\/DSCN0713-150x150.jpg\" class=\"attachment-thumbnail size-thumbnail\" alt=\"\" data-wp-pid=\"1756\" \/><\/a>\n\t\t\t<\/dt><\/dl><dl class='gallery-item'>\n\t\t\t<dt class='gallery-icon landscape'>\n\t\t\t\t<a href='https:\/\/radosovce.fara.sk\/wp-content\/uploads\/2015\/02\/DSCN0714.jpg'><img loading=\"lazy\" decoding=\"async\" width=\"150\" height=\"150\" src=\"https:\/\/radosovce.fara.sk\/wp-content\/uploads\/2015\/02\/DSCN0714-150x150.jpg\" class=\"attachment-thumbnail size-thumbnail\" alt=\"\" data-wp-pid=\"1755\" \/><\/a>\n\t\t\t<\/dt><\/dl><dl class='gallery-item'>\n\t\t\t<dt class='gallery-icon landscape'>\n\t\t\t\t<a href='https:\/\/radosovce.fara.sk\/wp-content\/uploads\/2015\/02\/DSCN0716.jpg'><img loading=\"lazy\" decoding=\"async\" width=\"150\" height=\"150\" src=\"https:\/\/radosovce.fara.sk\/wp-content\/uploads\/2015\/02\/DSCN0716-150x150.jpg\" class=\"attachment-thumbnail size-thumbnail\" alt=\"\" data-wp-pid=\"1754\" \/><\/a>\n\t\t\t<\/dt><\/dl><br style=\"clear: both\" \/><dl class='gallery-item'>\n\t\t\t<dt class='gallery-icon portrait'>\n\t\t\t\t<a href='https:\/\/radosovce.fara.sk\/wp-content\/uploads\/2015\/02\/DSCN0718.jpg'><img loading=\"lazy\" decoding=\"async\" width=\"150\" height=\"150\" src=\"https:\/\/radosovce.fara.sk\/wp-content\/uploads\/2015\/02\/DSCN0718-150x150.jpg\" class=\"attachment-thumbnail size-thumbnail\" alt=\"\" data-wp-pid=\"1753\" \/><\/a>\n\t\t\t<\/dt><\/dl><dl class='gallery-item'>\n\t\t\t<dt class='gallery-icon portrait'>\n\t\t\t\t<a href='https:\/\/radosovce.fara.sk\/wp-content\/uploads\/2015\/02\/DSCN0720.jpg'><img loading=\"lazy\" decoding=\"async\" width=\"150\" height=\"150\" src=\"https:\/\/radosovce.fara.sk\/wp-content\/uploads\/2015\/02\/DSCN0720-150x150.jpg\" class=\"attachment-thumbnail size-thumbnail\" alt=\"\" data-wp-pid=\"1752\" \/><\/a>\n\t\t\t<\/dt><\/dl><dl class='gallery-item'>\n\t\t\t<dt class='gallery-icon portrait'>\n\t\t\t\t<a href='https:\/\/radosovce.fara.sk\/wp-content\/uploads\/2015\/02\/DSCN0721.jpg'><img loading=\"lazy\" decoding=\"async\" width=\"150\" height=\"150\" src=\"https:\/\/radosovce.fara.sk\/wp-content\/uploads\/2015\/02\/DSCN0721-150x150.jpg\" class=\"attachment-thumbnail size-thumbnail\" alt=\"\" data-wp-pid=\"1751\" \/><\/a>\n\t\t\t<\/dt><\/dl><dl class='gallery-item'>\n\t\t\t<dt class='gallery-icon landscape'>\n\t\t\t\t<a href='https:\/\/radosovce.fara.sk\/wp-content\/uploads\/2015\/02\/DSCN0722.jpg'><img loading=\"lazy\" decoding=\"async\" width=\"150\" height=\"150\" src=\"https:\/\/radosovce.fara.sk\/wp-content\/uploads\/2015\/02\/DSCN0722-150x150.jpg\" class=\"attachment-thumbnail size-thumbnail\" alt=\"\" data-wp-pid=\"1750\" \/><\/a>\n\t\t\t<\/dt><\/dl><br style=\"clear: both\" \/><dl class='gallery-item'>\n\t\t\t<dt class='gallery-icon landscape'>\n\t\t\t\t<a href='https:\/\/radosovce.fara.sk\/wp-content\/uploads\/2015\/02\/DSCN0724.jpg'><img loading=\"lazy\" decoding=\"async\" width=\"150\" height=\"150\" src=\"https:\/\/radosovce.fara.sk\/wp-content\/uploads\/2015\/02\/DSCN0724-150x150.jpg\" class=\"attachment-thumbnail size-thumbnail\" alt=\"\" data-wp-pid=\"1749\" \/><\/a>\n\t\t\t<\/dt><\/dl><dl class='gallery-item'>\n\t\t\t<dt class='gallery-icon landscape'>\n\t\t\t\t<a href='https:\/\/radosovce.fara.sk\/wp-content\/uploads\/2015\/02\/DSCN0726.jpg'><img loading=\"lazy\" decoding=\"async\" width=\"150\" height=\"150\" src=\"https:\/\/radosovce.fara.sk\/wp-content\/uploads\/2015\/02\/DSCN0726-150x150.jpg\" class=\"attachment-thumbnail size-thumbnail\" alt=\"\" data-wp-pid=\"1748\" \/><\/a>\n\t\t\t<\/dt><\/dl><dl class='gallery-item'>\n\t\t\t<dt class='gallery-icon landscape'>\n\t\t\t\t<a href='https:\/\/radosovce.fara.sk\/wp-content\/uploads\/2015\/02\/DSCN0729.jpg'><img loading=\"lazy\" decoding=\"async\" width=\"150\" height=\"150\" src=\"https:\/\/radosovce.fara.sk\/wp-content\/uploads\/2015\/02\/DSCN0729-150x150.jpg\" class=\"attachment-thumbnail size-thumbnail\" alt=\"\" data-wp-pid=\"1747\" \/><\/a>\n\t\t\t<\/dt><\/dl><dl class='gallery-item'>\n\t\t\t<dt class='gallery-icon landscape'>\n\t\t\t\t<a href='https:\/\/radosovce.fara.sk\/wp-content\/uploads\/2015\/02\/DSCN0731.jpg'><img loading=\"lazy\" decoding=\"async\" width=\"150\" height=\"150\" src=\"https:\/\/radosovce.fara.sk\/wp-content\/uploads\/2015\/02\/DSCN0731-150x150.jpg\" class=\"attachment-thumbnail size-thumbnail\" alt=\"\" data-wp-pid=\"1746\" \/><\/a>\n\t\t\t<\/dt><\/dl><br style=\"clear: both\" \/><dl class='gallery-item'>\n\t\t\t<dt class='gallery-icon portrait'>\n\t\t\t\t<a href='https:\/\/radosovce.fara.sk\/wp-content\/uploads\/2015\/02\/DSCN0736.jpg'><img loading=\"lazy\" decoding=\"async\" width=\"150\" height=\"150\" src=\"https:\/\/radosovce.fara.sk\/wp-content\/uploads\/2015\/02\/DSCN0736-150x150.jpg\" class=\"attachment-thumbnail size-thumbnail\" alt=\"\" data-wp-pid=\"1745\" \/><\/a>\n\t\t\t<\/dt><\/dl>\n\t\t\t<br style='clear: both' \/>\n\t\t<\/div>\n\n","protected":false},"excerpt":{"rendered":"<p>Kaplnka sv. Stanislava- mal&aacute; klasistick&aacute; centr&aacute;lna stavba zaklenut&aacute; ve\u013ekou kupolou zo za\u010diatku 19. storo\u010dia je dominantou hornej \u010dasti obce. Stavba m&aacute; pristaven&eacute; polkruhov&eacute; presbyt&eacute;rium a&nbsp;na v&yacute;chodnej strane predsie\u0148, ktor&aacute; je z&aacute;rove\u0148 ve\u017eou. Na centr&aacute;lnej stavbe s&uacute; okn&aacute; termov&eacute;, na predsieni lomen&eacute;. Fas&aacute;da strednej \u010dasti je \u010dlenen&aacute; liz&eacute;nami. Vn&uacute;torn&eacute; zariadenie kaplnky je z&nbsp;20. storo\u010dia. Cennej&scaron;&iacute; je &hellip; <\/p>\n<p><a class=\"more-link btn\" href=\"https:\/\/radosovce.fara.sk\/?page_id=115\">Chcem vedie\u0165 viac<\/a><\/p>\n","protected":false},"author":1,"featured_media":0,"parent":47,"menu_order":2,"comment_status":"closed","ping_status":"closed","template":"","meta":{"ngg_post_thumbnail":0,"footnotes":""},"class_list":["post-115","page","type-page","status-publish","hentry","nodate","item-wrap"],"_links":{"self":[{"href":"https:\/\/radosovce.fara.sk\/index.php?rest_route=\/wp\/v2\/pages\/115","targetHints":{"allow":["GET"]}}],"collection":[{"href":"https:\/\/radosovce.fara.sk\/index.php?rest_route=\/wp\/v2\/pages"}],"about":[{"href":"https:\/\/radosovce.fara.sk\/index.php?rest_route=\/wp\/v2\/types\/page"}],"author":[{"embeddable":true,"href":"https:\/\/radosovce.fara.sk\/index.php?rest_route=\/wp\/v2\/users\/1"}],"replies":[{"embeddable":true,"href":"https:\/\/radosovce.fara.sk\/index.php?rest_route=%2Fwp%2Fv2%2Fcomments&post=115"}],"version-history":[{"count":0,"href":"https:\/\/radosovce.fara.sk\/index.php?rest_route=\/wp\/v2\/pages\/115\/revisions"}],"up":[{"embeddable":true,"href":"https:\/\/radosovce.fara.sk\/index.php?rest_route=\/wp\/v2\/pages\/47"}],"wp:attachment":[{"href":"https:\/\/radosovce.fara.sk\/index.php?rest_route=%2Fwp%2Fv2%2Fmedia&parent=115"}],"curies":[{"name":"wp","href":"https:\/\/api.w.org\/{rel}","templated":true}]}}