{"id":124,"date":"2015-02-21T18:50:02","date_gmt":"2015-02-21T18:50:02","guid":{"rendered":"http:\/\/radosovce.fara.sk\/?page_id=124"},"modified":"2025-06-25T15:27:45","modified_gmt":"2025-06-25T14:27:45","slug":"kostol-narodenia-panny-marie","status":"publish","type":"page","link":"https:\/\/radosovce.fara.sk\/?page_id=124","title":{"rendered":"Kostol Narodenia Panny M\u00e1rie"},"content":{"rendered":"<h1><span style=\"text-decoration: underline;\"><em><strong><span style=\"color: #0000ff; text-decoration: underline;\">Farsk\u00fd kostol Narodenia Panny M\u00e1rie&nbsp;<\/span><\/strong><\/em><\/span><\/h1>\n<h4>R\u00edmskokatol\u00edcky farsk\u00fd kostol v&nbsp;Rado\u0161ovciach bol p\u00f4vodne gotick\u00fd, dokonca mo\u017eno hovori\u0165 aj o&nbsp;prvkoch rom\u00e1nskych. Z\u00e1pisky t\u00fdkaj\u00face sa kostola boli nieko\u013eko kr\u00e1t zni\u010den\u00e9 po\u017eiarom a&nbsp;tak je ve\u013emi \u0165a\u017eko ur\u010di\u0165 jeho presn\u00fd vznik. D\u00e1 sa v\u0161ak predpoklada\u0165, \u017ee v&nbsp;roku 1129 bola obec d\u00f4le\u017eit\u00fdm bodom na ceste ved\u00facej z&nbsp;Moravy na Trnavu. Toto polo\u017eenie sa jej stalo viackr\u00e1t osudn\u00fdm. Napadli ju Tat\u00e1ri (1241), Husiti \u00faplne vyplienili (1429)&nbsp; a&nbsp;to iste aj Turci (1552 a&nbsp;1633). Od roku 1473 je obec veden\u00e1 pod n\u00e1zvom Rassich ako meste\u010dko \u2013 pr\u00edslu\u0161enstvo holi\u010dsk\u00e9ho panstva. Roku 1730 pre\u0161la do vlastn\u00edctva skalick\u00fdch jezuitov a&nbsp;po ich zru\u0161en\u00ed patrila Habsburgovcom. Fara je u\u017e roku 1534 nazvan\u00e1 antiqua \u2013 starod\u00e1vna. Roku 1560 pojala prv\u00e1 stavba do svojich z\u00e1kladov aj star\u00fd gotick\u00fd kostol z&nbsp;druhej polovice 15. storo\u010dia. Pri oprave roku 1969 bolo objaven\u00e9 gotick\u00e9 okno, ktor\u00e9 je rekon\u0161truovan\u00e9. V&nbsp;p\u00f4vodnej stavbe je umiestnen\u00fd kr\u00e1sny olt\u00e1r Ru\u017eencovej Panny M\u00e1rie. Roku &nbsp;&nbsp;1744-1762 za far\u00e1rov J\u00e1na Dankovi\u010da a Franti\u0161ka Polakovi\u010da bola prv\u00e1 stavba roz\u0161\u00edren\u00e1 postaven\u00edm prie\u010dneho kostola, tak\u017ee kostol pozost\u00e1va z&nbsp;dvoch na seba kolmo postaven\u00fdch stavieb tvoriacich v&nbsp;p\u00f4doryse kr\u00ed\u017e. Ve\u017ea bola upraven\u00e1 koncom 19. storo\u010dia v&nbsp;historizuj\u00facom gotickorenesan\u010dnom &nbsp;slohu. P\u00f4vodn\u00e1 stavba z&nbsp;roku 1560 je zakon\u010den\u00e1 polygon\u00e1lnym presbyt\u00e9riom a&nbsp;prestavanou ve\u017eou kryt\u00e1 valenou klenbou s&nbsp;lunetami a&nbsp;kr\u00ed\u017eov\u00fdmi klenbami. Fas\u00e1dy oboch spojen\u00fdch stavieb maj\u00fa na n\u00e1ro\u017e\u00ed liz\u00e9ny a&nbsp;s\u00fa \u010dlenen\u00e9 polkruhovo zakon\u010den\u00fdmi okami. Hlavn\u00fd vstup do kostola je cez predsienku pristaven\u00fa v&nbsp;19. storo\u010d\u00ed. Bo\u010dn\u00fd vstup m\u00e1 barokov\u00e9 prie\u010delie s&nbsp;pilastrami a&nbsp;zalomen\u00fdm vol\u00fatov\u00fdm \u0161t\u00edtom (sochy sv. Ladislava a&nbsp;sv. \u0160tefana). Barokov\u00fd hlavn\u00fd olt\u00e1r je z&nbsp;polovice 18. storo\u010dia. V&nbsp;st\u013apovej, so\u0161kami anjelov o\u017eivenej architekt\u00fare je obraz narodenia Panny M\u00e1rie. Po stran\u00e1ch boli sochy sv. Cyrila a&nbsp;Metoda, ktor\u00e9 s\u00fa teraz na n\u00e1stenn\u00fdch podstavcoch. Kazate\u013enica je zdoben\u00e1 postavami \u0161tyroch evanjelistov. Zdoben\u00e9 lavice s&nbsp;akantovou ornamentikou&nbsp;s\u00fa z druhej polovice 18. storo\u010dia, podobne ako bola i&nbsp;spovede\u013enica, ktor\u00e1 sa u\u017e v&nbsp;kostole nenach\u00e1dza.<\/h4>\n<p>&nbsp;<\/p>\n<p><a href=\"https:\/\/radosovce.fara.sk\/wp-content\/uploads\/2015\/02\/Stary-kostol.jpg\"><img loading=\"lazy\" decoding=\"async\" src=\"https:\/\/radosovce.fara.sk\/wp-content\/uploads\/2015\/02\/Stary-kostol-1024x614.jpg\" alt=\"Stary kostol\" width=\"830\" height=\"517\"><\/a><\/p>\n<h4>V rokoch 1966-1968 za p\u00f4sobenia vdp. Ladislava Doru\u0161\u00e1ka&nbsp;dostal kostol nov\u00fa omietku a ve\u017ea meden\u00e9 pokrytie. Oproti kostolu je farsk\u00e1 budova. Pred kostolom je s\u00faso\u0161ie &#8211; pam\u00e4tn\u00edk obetiam oboch svetov\u00fdch vojen. Pamiatky na tomto n\u00e1mest\u00ed\u010dku Rado\u0161oviec dotv\u00e1ra e\u0161te s\u00faso\u0161ie Najsv\u00e4tej\u0161ej Trojice.<\/h4>\n<h2 style=\"text-align: center;\"><a href=\"https:\/\/radosovce.fara.sk\/wp-content\/uploads\/2015\/02\/IMG_0416_2.jpg\"><img loading=\"lazy\" decoding=\"async\" class=\"aligncenter\" src=\"https:\/\/radosovce.fara.sk\/wp-content\/uploads\/2015\/02\/IMG_0416_2-768x1024.jpg\" alt=\"IMG_0416_2\" width=\"500\" height=\"690\"><\/a><\/h2>\n<h2 style=\"text-align: center;\"><span style=\"color: #ff0000;\"><strong>\u21d3FOTOGALERIA\u21d3<\/strong><\/span><\/h2>\n\n\t\t<style type=\"text\/css\">\n\t\t\t#gallery-1 {\n\t\t\t\tmargin: auto;\n\t\t\t}\n\t\t\t#gallery-1 .gallery-item {\n\t\t\t\tfloat: left;\n\t\t\t\tmargin-top: 10px;\n\t\t\t\ttext-align: center;\n\t\t\t\twidth: 25%;\n\t\t\t}\n\t\t\t#gallery-1 img {\n\t\t\t\tborder: 2px solid #cfcfcf;\n\t\t\t}\n\t\t\t#gallery-1 .gallery-caption {\n\t\t\t\tmargin-left: 0;\n\t\t\t}\n\t\t\t\/* see gallery_shortcode() in wp-includes\/media.php *\/\n\t\t<\/style>\n\t\t<div id='gallery-1' class='gallery galleryid-124 gallery-columns-4 gallery-size-thumbnail'><dl class='gallery-item'>\n\t\t\t<dt class='gallery-icon portrait'>\n\t\t\t\t<a href='https:\/\/radosovce.fara.sk\/wp-content\/uploads\/2015\/02\/DSCN0124.jpg'><img loading=\"lazy\" decoding=\"async\" width=\"150\" height=\"150\" src=\"https:\/\/radosovce.fara.sk\/wp-content\/uploads\/2015\/02\/DSCN0124-150x150.jpg\" class=\"attachment-thumbnail size-thumbnail\" alt=\"\" data-wp-pid=\"444\" \/><\/a>\n\t\t\t<\/dt><\/dl><dl class='gallery-item'>\n\t\t\t<dt class='gallery-icon portrait'>\n\t\t\t\t<a href='https:\/\/radosovce.fara.sk\/wp-content\/uploads\/2015\/03\/0.jpg'><img loading=\"lazy\" decoding=\"async\" width=\"150\" height=\"150\" src=\"https:\/\/radosovce.fara.sk\/wp-content\/uploads\/2015\/03\/0-150x150.jpg\" class=\"attachment-thumbnail size-thumbnail\" alt=\"\" data-wp-pid=\"352\" \/><\/a>\n\t\t\t<\/dt><\/dl><dl class='gallery-item'>\n\t\t\t<dt class='gallery-icon landscape'>\n\t\t\t\t<a href='https:\/\/radosovce.fara.sk\/wp-content\/uploads\/2015\/03\/1.jpg'><img loading=\"lazy\" decoding=\"async\" width=\"150\" height=\"150\" src=\"https:\/\/radosovce.fara.sk\/wp-content\/uploads\/2015\/03\/1-150x150.jpg\" class=\"attachment-thumbnail size-thumbnail\" alt=\"\" data-wp-pid=\"353\" \/><\/a>\n\t\t\t<\/dt><\/dl><dl class='gallery-item'>\n\t\t\t<dt class='gallery-icon landscape'>\n\t\t\t\t<a href='https:\/\/radosovce.fara.sk\/wp-content\/uploads\/2015\/03\/3.jpg'><img loading=\"lazy\" decoding=\"async\" width=\"150\" height=\"150\" src=\"https:\/\/radosovce.fara.sk\/wp-content\/uploads\/2015\/03\/3-150x150.jpg\" class=\"attachment-thumbnail size-thumbnail\" alt=\"\" data-wp-pid=\"355\" \/><\/a>\n\t\t\t<\/dt><\/dl><br style=\"clear: both\" \/><dl class='gallery-item'>\n\t\t\t<dt class='gallery-icon portrait'>\n\t\t\t\t<a href='https:\/\/radosovce.fara.sk\/wp-content\/uploads\/2015\/03\/2.jpg'><img loading=\"lazy\" decoding=\"async\" width=\"150\" height=\"150\" src=\"https:\/\/radosovce.fara.sk\/wp-content\/uploads\/2015\/03\/2-150x150.jpg\" class=\"attachment-thumbnail size-thumbnail\" alt=\"\" data-wp-pid=\"354\" \/><\/a>\n\t\t\t<\/dt><\/dl><dl class='gallery-item'>\n\t\t\t<dt class='gallery-icon portrait'>\n\t\t\t\t<a href='https:\/\/radosovce.fara.sk\/wp-content\/uploads\/2015\/03\/4.1.jpg'><img loading=\"lazy\" decoding=\"async\" width=\"150\" height=\"150\" src=\"https:\/\/radosovce.fara.sk\/wp-content\/uploads\/2015\/03\/4.1-150x150.jpg\" class=\"attachment-thumbnail size-thumbnail\" alt=\"\" data-wp-pid=\"356\" \/><\/a>\n\t\t\t<\/dt><\/dl><dl class='gallery-item'>\n\t\t\t<dt class='gallery-icon portrait'>\n\t\t\t\t<a href='https:\/\/radosovce.fara.sk\/wp-content\/uploads\/2015\/03\/4.jpg'><img loading=\"lazy\" decoding=\"async\" width=\"150\" height=\"150\" src=\"https:\/\/radosovce.fara.sk\/wp-content\/uploads\/2015\/03\/4-150x150.jpg\" class=\"attachment-thumbnail size-thumbnail\" alt=\"\" data-wp-pid=\"357\" \/><\/a>\n\t\t\t<\/dt><\/dl><dl class='gallery-item'>\n\t\t\t<dt class='gallery-icon landscape'>\n\t\t\t\t<a href='https:\/\/radosovce.fara.sk\/wp-content\/uploads\/2015\/03\/6.jpg'><img loading=\"lazy\" decoding=\"async\" width=\"150\" height=\"150\" src=\"https:\/\/radosovce.fara.sk\/wp-content\/uploads\/2015\/03\/6-150x150.jpg\" class=\"attachment-thumbnail size-thumbnail\" alt=\"\" data-wp-pid=\"359\" \/><\/a>\n\t\t\t<\/dt><\/dl><br style=\"clear: both\" \/><dl class='gallery-item'>\n\t\t\t<dt class='gallery-icon landscape'>\n\t\t\t\t<a href='https:\/\/radosovce.fara.sk\/wp-content\/uploads\/2015\/03\/7.jpg'><img loading=\"lazy\" decoding=\"async\" width=\"150\" height=\"150\" src=\"https:\/\/radosovce.fara.sk\/wp-content\/uploads\/2015\/03\/7-150x150.jpg\" class=\"attachment-thumbnail size-thumbnail\" alt=\"\" data-wp-pid=\"360\" \/><\/a>\n\t\t\t<\/dt><\/dl><dl class='gallery-item'>\n\t\t\t<dt class='gallery-icon portrait'>\n\t\t\t\t<a href='https:\/\/radosovce.fara.sk\/wp-content\/uploads\/2015\/03\/5.jpg'><img loading=\"lazy\" decoding=\"async\" width=\"150\" height=\"150\" src=\"https:\/\/radosovce.fara.sk\/wp-content\/uploads\/2015\/03\/5-150x150.jpg\" class=\"attachment-thumbnail size-thumbnail\" alt=\"\" data-wp-pid=\"358\" \/><\/a>\n\t\t\t<\/dt><\/dl><dl class='gallery-item'>\n\t\t\t<dt class='gallery-icon landscape'>\n\t\t\t\t<a href='https:\/\/radosovce.fara.sk\/wp-content\/uploads\/2015\/03\/8.jpg'><img loading=\"lazy\" decoding=\"async\" width=\"150\" height=\"150\" src=\"https:\/\/radosovce.fara.sk\/wp-content\/uploads\/2015\/03\/8-150x150.jpg\" class=\"attachment-thumbnail size-thumbnail\" alt=\"\" data-wp-pid=\"361\" \/><\/a>\n\t\t\t<\/dt><\/dl><dl class='gallery-item'>\n\t\t\t<dt class='gallery-icon landscape'>\n\t\t\t\t<a href='https:\/\/radosovce.fara.sk\/wp-content\/uploads\/2015\/03\/9.jpg'><img loading=\"lazy\" decoding=\"async\" width=\"150\" height=\"150\" src=\"https:\/\/radosovce.fara.sk\/wp-content\/uploads\/2015\/03\/9-150x150.jpg\" class=\"attachment-thumbnail size-thumbnail\" alt=\"\" data-wp-pid=\"362\" \/><\/a>\n\t\t\t<\/dt><\/dl><br style=\"clear: both\" \/><dl class='gallery-item'>\n\t\t\t<dt class='gallery-icon portrait'>\n\t\t\t\t<a href='https:\/\/radosovce.fara.sk\/wp-content\/uploads\/2015\/03\/10.1.jpg'><img loading=\"lazy\" decoding=\"async\" width=\"150\" height=\"150\" src=\"https:\/\/radosovce.fara.sk\/wp-content\/uploads\/2015\/03\/10.1-150x150.jpg\" class=\"attachment-thumbnail size-thumbnail\" alt=\"\" data-wp-pid=\"363\" \/><\/a>\n\t\t\t<\/dt><\/dl><dl class='gallery-item'>\n\t\t\t<dt class='gallery-icon portrait'>\n\t\t\t\t<a href='https:\/\/radosovce.fara.sk\/wp-content\/uploads\/2015\/03\/10.jpg'><img loading=\"lazy\" decoding=\"async\" width=\"150\" height=\"150\" src=\"https:\/\/radosovce.fara.sk\/wp-content\/uploads\/2015\/03\/10-150x150.jpg\" class=\"attachment-thumbnail size-thumbnail\" alt=\"\" data-wp-pid=\"364\" \/><\/a>\n\t\t\t<\/dt><\/dl><dl class='gallery-item'>\n\t\t\t<dt class='gallery-icon portrait'>\n\t\t\t\t<a href='https:\/\/radosovce.fara.sk\/wp-content\/uploads\/2015\/03\/11.jpg'><img loading=\"lazy\" decoding=\"async\" width=\"150\" height=\"150\" src=\"https:\/\/radosovce.fara.sk\/wp-content\/uploads\/2015\/03\/11-150x150.jpg\" class=\"attachment-thumbnail size-thumbnail\" alt=\"\" data-wp-pid=\"365\" \/><\/a>\n\t\t\t<\/dt><\/dl><dl class='gallery-item'>\n\t\t\t<dt class='gallery-icon portrait'>\n\t\t\t\t<a href='https:\/\/radosovce.fara.sk\/wp-content\/uploads\/2015\/03\/12.jpg'><img loading=\"lazy\" decoding=\"async\" width=\"150\" height=\"150\" src=\"https:\/\/radosovce.fara.sk\/wp-content\/uploads\/2015\/03\/12-150x150.jpg\" class=\"attachment-thumbnail size-thumbnail\" alt=\"\" data-wp-pid=\"366\" \/><\/a>\n\t\t\t<\/dt><\/dl><br style=\"clear: both\" \/><dl class='gallery-item'>\n\t\t\t<dt class='gallery-icon portrait'>\n\t\t\t\t<a href='https:\/\/radosovce.fara.sk\/wp-content\/uploads\/2015\/03\/15.jpg'><img loading=\"lazy\" decoding=\"async\" width=\"150\" height=\"150\" src=\"https:\/\/radosovce.fara.sk\/wp-content\/uploads\/2015\/03\/15-150x150.jpg\" class=\"attachment-thumbnail size-thumbnail\" alt=\"\" data-wp-pid=\"369\" \/><\/a>\n\t\t\t<\/dt><\/dl><dl class='gallery-item'>\n\t\t\t<dt class='gallery-icon portrait'>\n\t\t\t\t<a href='https:\/\/radosovce.fara.sk\/wp-content\/uploads\/2015\/03\/14.jpg'><img loading=\"lazy\" decoding=\"async\" width=\"150\" height=\"150\" src=\"https:\/\/radosovce.fara.sk\/wp-content\/uploads\/2015\/03\/14-150x150.jpg\" class=\"attachment-thumbnail size-thumbnail\" alt=\"\" data-wp-pid=\"368\" \/><\/a>\n\t\t\t<\/dt><\/dl><dl class='gallery-item'>\n\t\t\t<dt class='gallery-icon portrait'>\n\t\t\t\t<a href='https:\/\/radosovce.fara.sk\/wp-content\/uploads\/2015\/02\/DSCN0120.jpg'><img loading=\"lazy\" decoding=\"async\" width=\"150\" height=\"150\" src=\"https:\/\/radosovce.fara.sk\/wp-content\/uploads\/2015\/02\/DSCN0120-150x150.jpg\" class=\"attachment-thumbnail size-thumbnail\" alt=\"\" data-wp-pid=\"441\" \/><\/a>\n\t\t\t<\/dt><\/dl><dl class='gallery-item'>\n\t\t\t<dt class='gallery-icon portrait'>\n\t\t\t\t<a href='https:\/\/radosovce.fara.sk\/wp-content\/uploads\/2015\/02\/DSCN0119.jpg'><img loading=\"lazy\" decoding=\"async\" width=\"150\" height=\"150\" src=\"https:\/\/radosovce.fara.sk\/wp-content\/uploads\/2015\/02\/DSCN0119-150x150.jpg\" class=\"attachment-thumbnail size-thumbnail\" alt=\"\" data-wp-pid=\"440\" \/><\/a>\n\t\t\t<\/dt><\/dl><br style=\"clear: both\" \/><dl class='gallery-item'>\n\t\t\t<dt class='gallery-icon portrait'>\n\t\t\t\t<a href='https:\/\/radosovce.fara.sk\/wp-content\/uploads\/2015\/03\/13.jpg'><img loading=\"lazy\" decoding=\"async\" width=\"150\" height=\"150\" src=\"https:\/\/radosovce.fara.sk\/wp-content\/uploads\/2015\/03\/13-150x150.jpg\" class=\"attachment-thumbnail size-thumbnail\" alt=\"\" data-wp-pid=\"367\" \/><\/a>\n\t\t\t<\/dt><\/dl><dl class='gallery-item'>\n\t\t\t<dt class='gallery-icon landscape'>\n\t\t\t\t<a href='https:\/\/radosovce.fara.sk\/wp-content\/uploads\/2015\/03\/18.jpg'><img loading=\"lazy\" decoding=\"async\" width=\"150\" height=\"150\" src=\"https:\/\/radosovce.fara.sk\/wp-content\/uploads\/2015\/03\/18-150x150.jpg\" class=\"attachment-thumbnail size-thumbnail\" alt=\"\" data-wp-pid=\"372\" \/><\/a>\n\t\t\t<\/dt><\/dl><dl class='gallery-item'>\n\t\t\t<dt class='gallery-icon portrait'>\n\t\t\t\t<a href='https:\/\/radosovce.fara.sk\/wp-content\/uploads\/2015\/03\/17.jpg'><img loading=\"lazy\" decoding=\"async\" width=\"150\" height=\"150\" src=\"https:\/\/radosovce.fara.sk\/wp-content\/uploads\/2015\/03\/17-150x150.jpg\" class=\"attachment-thumbnail size-thumbnail\" alt=\"\" data-wp-pid=\"371\" \/><\/a>\n\t\t\t<\/dt><\/dl><dl class='gallery-item'>\n\t\t\t<dt class='gallery-icon portrait'>\n\t\t\t\t<a href='https:\/\/radosovce.fara.sk\/wp-content\/uploads\/2015\/03\/16.jpg'><img loading=\"lazy\" decoding=\"async\" width=\"150\" height=\"150\" src=\"https:\/\/radosovce.fara.sk\/wp-content\/uploads\/2015\/03\/16-150x150.jpg\" class=\"attachment-thumbnail size-thumbnail\" alt=\"\" data-wp-pid=\"370\" \/><\/a>\n\t\t\t<\/dt><\/dl><br style=\"clear: both\" \/><dl class='gallery-item'>\n\t\t\t<dt class='gallery-icon landscape'>\n\t\t\t\t<a href='https:\/\/radosovce.fara.sk\/wp-content\/uploads\/2015\/03\/19.jpg'><img loading=\"lazy\" decoding=\"async\" width=\"150\" height=\"150\" src=\"https:\/\/radosovce.fara.sk\/wp-content\/uploads\/2015\/03\/19-150x150.jpg\" class=\"attachment-thumbnail size-thumbnail\" alt=\"\" data-wp-pid=\"373\" \/><\/a>\n\t\t\t<\/dt><\/dl><dl class='gallery-item'>\n\t\t\t<dt class='gallery-icon landscape'>\n\t\t\t\t<a href='https:\/\/radosovce.fara.sk\/wp-content\/uploads\/2015\/03\/20.jpg'><img loading=\"lazy\" decoding=\"async\" width=\"150\" height=\"150\" src=\"https:\/\/radosovce.fara.sk\/wp-content\/uploads\/2015\/03\/20-150x150.jpg\" class=\"attachment-thumbnail size-thumbnail\" alt=\"\" data-wp-pid=\"374\" \/><\/a>\n\t\t\t<\/dt><\/dl><dl class='gallery-item'>\n\t\t\t<dt class='gallery-icon landscape'>\n\t\t\t\t<a href='https:\/\/radosovce.fara.sk\/wp-content\/uploads\/2015\/03\/21.jpg'><img loading=\"lazy\" decoding=\"async\" width=\"150\" height=\"150\" src=\"https:\/\/radosovce.fara.sk\/wp-content\/uploads\/2015\/03\/21-150x150.jpg\" class=\"attachment-thumbnail size-thumbnail\" alt=\"\" data-wp-pid=\"375\" \/><\/a>\n\t\t\t<\/dt><\/dl><dl class='gallery-item'>\n\t\t\t<dt class='gallery-icon portrait'>\n\t\t\t\t<a href='https:\/\/radosovce.fara.sk\/wp-content\/uploads\/2015\/02\/DSCN0111.jpg'><img loading=\"lazy\" decoding=\"async\" width=\"150\" height=\"150\" src=\"https:\/\/radosovce.fara.sk\/wp-content\/uploads\/2015\/02\/DSCN0111-150x150.jpg\" class=\"attachment-thumbnail size-thumbnail\" alt=\"\" data-wp-pid=\"433\" \/><\/a>\n\t\t\t<\/dt><\/dl><br style=\"clear: both\" \/><dl class='gallery-item'>\n\t\t\t<dt class='gallery-icon landscape'>\n\t\t\t\t<a href='https:\/\/radosovce.fara.sk\/wp-content\/uploads\/2015\/02\/DSCN0113.jpg'><img loading=\"lazy\" decoding=\"async\" width=\"150\" height=\"150\" src=\"https:\/\/radosovce.fara.sk\/wp-content\/uploads\/2015\/02\/DSCN0113-150x150.jpg\" class=\"attachment-thumbnail size-thumbnail\" alt=\"\" data-wp-pid=\"435\" \/><\/a>\n\t\t\t<\/dt><\/dl><dl class='gallery-item'>\n\t\t\t<dt class='gallery-icon landscape'>\n\t\t\t\t<a href='https:\/\/radosovce.fara.sk\/wp-content\/uploads\/2015\/02\/DSCN0114.jpg'><img loading=\"lazy\" decoding=\"async\" width=\"150\" height=\"150\" src=\"https:\/\/radosovce.fara.sk\/wp-content\/uploads\/2015\/02\/DSCN0114-150x150.jpg\" class=\"attachment-thumbnail size-thumbnail\" alt=\"\" data-wp-pid=\"436\" \/><\/a>\n\t\t\t<\/dt><\/dl><dl class='gallery-item'>\n\t\t\t<dt class='gallery-icon landscape'>\n\t\t\t\t<a href='https:\/\/radosovce.fara.sk\/wp-content\/uploads\/2015\/03\/141.1.jpg'><img loading=\"lazy\" decoding=\"async\" width=\"150\" height=\"150\" src=\"https:\/\/radosovce.fara.sk\/wp-content\/uploads\/2015\/03\/141.1-150x150.jpg\" class=\"attachment-thumbnail size-thumbnail\" alt=\"\" data-wp-pid=\"382\" \/><\/a>\n\t\t\t<\/dt><\/dl><dl class='gallery-item'>\n\t\t\t<dt class='gallery-icon landscape'>\n\t\t\t\t<a href='https:\/\/radosovce.fara.sk\/wp-content\/uploads\/2015\/02\/DSCN0115.jpg'><img loading=\"lazy\" decoding=\"async\" width=\"150\" height=\"150\" src=\"https:\/\/radosovce.fara.sk\/wp-content\/uploads\/2015\/02\/DSCN0115-150x150.jpg\" class=\"attachment-thumbnail size-thumbnail\" alt=\"\" data-wp-pid=\"437\" \/><\/a>\n\t\t\t<\/dt><\/dl><br style=\"clear: both\" \/><dl class='gallery-item'>\n\t\t\t<dt class='gallery-icon landscape'>\n\t\t\t\t<a href='https:\/\/radosovce.fara.sk\/wp-content\/uploads\/2015\/02\/DSCN0116.jpg'><img loading=\"lazy\" decoding=\"async\" width=\"150\" height=\"150\" src=\"https:\/\/radosovce.fara.sk\/wp-content\/uploads\/2015\/02\/DSCN0116-150x150.jpg\" class=\"attachment-thumbnail size-thumbnail\" alt=\"\" data-wp-pid=\"438\" \/><\/a>\n\t\t\t<\/dt><\/dl><dl class='gallery-item'>\n\t\t\t<dt class='gallery-icon landscape'>\n\t\t\t\t<a href='https:\/\/radosovce.fara.sk\/wp-content\/uploads\/2015\/02\/DSCN0117.jpg'><img loading=\"lazy\" decoding=\"async\" width=\"150\" height=\"150\" src=\"https:\/\/radosovce.fara.sk\/wp-content\/uploads\/2015\/02\/DSCN0117-150x150.jpg\" class=\"attachment-thumbnail size-thumbnail\" alt=\"\" data-wp-pid=\"439\" \/><\/a>\n\t\t\t<\/dt><\/dl>\n\t\t\t<br style='clear: both' \/>\n\t\t<\/div>\n\n<p>&nbsp;<\/p>\n<h4>&nbsp;<\/h4>\n","protected":false},"excerpt":{"rendered":"<p>Farsk\u00fd kostol Narodenia Panny M\u00e1rie&nbsp; R\u00edmskokatol\u00edcky farsk\u00fd kostol v&nbsp;Rado\u0161ovciach bol p\u00f4vodne gotick\u00fd, dokonca mo\u017eno hovori\u0165 aj o&nbsp;prvkoch rom\u00e1nskych. Z\u00e1pisky t\u00fdkaj\u00face sa kostola boli nieko\u013eko kr\u00e1t zni\u010den\u00e9 po\u017eiarom a&nbsp;tak je ve\u013emi \u0165a\u017eko ur\u010di\u0165 jeho presn\u00fd vznik. D\u00e1 sa v\u0161ak predpoklada\u0165, \u017ee v&nbsp;roku 1129 bola obec d\u00f4le\u017eit\u00fdm bodom na ceste ved\u00facej z&nbsp;Moravy na Trnavu. Toto polo\u017eenie sa &hellip; <\/p>\n<p><a class=\"more-link btn\" href=\"https:\/\/radosovce.fara.sk\/?page_id=124\">Chcem vedie\u0165 viac<\/a><\/p>\n","protected":false},"author":1,"featured_media":0,"parent":47,"menu_order":1,"comment_status":"closed","ping_status":"closed","template":"","meta":{"ngg_post_thumbnail":0,"footnotes":""},"class_list":["post-124","page","type-page","status-publish","hentry","nodate","item-wrap"],"_links":{"self":[{"href":"https:\/\/radosovce.fara.sk\/index.php?rest_route=\/wp\/v2\/pages\/124","targetHints":{"allow":["GET"]}}],"collection":[{"href":"https:\/\/radosovce.fara.sk\/index.php?rest_route=\/wp\/v2\/pages"}],"about":[{"href":"https:\/\/radosovce.fara.sk\/index.php?rest_route=\/wp\/v2\/types\/page"}],"author":[{"embeddable":true,"href":"https:\/\/radosovce.fara.sk\/index.php?rest_route=\/wp\/v2\/users\/1"}],"replies":[{"embeddable":true,"href":"https:\/\/radosovce.fara.sk\/index.php?rest_route=%2Fwp%2Fv2%2Fcomments&post=124"}],"version-history":[{"count":3,"href":"https:\/\/radosovce.fara.sk\/index.php?rest_route=\/wp\/v2\/pages\/124\/revisions"}],"predecessor-version":[{"id":4249,"href":"https:\/\/radosovce.fara.sk\/index.php?rest_route=\/wp\/v2\/pages\/124\/revisions\/4249"}],"up":[{"embeddable":true,"href":"https:\/\/radosovce.fara.sk\/index.php?rest_route=\/wp\/v2\/pages\/47"}],"wp:attachment":[{"href":"https:\/\/radosovce.fara.sk\/index.php?rest_route=%2Fwp%2Fv2%2Fmedia&parent=124"}],"curies":[{"name":"wp","href":"https:\/\/api.w.org\/{rel}","templated":true}]}}