{"id":129,"date":"2015-02-21T18:58:45","date_gmt":"2015-02-21T18:58:45","guid":{"rendered":"http:\/\/radosovce.fara.sk\/?page_id=129"},"modified":"2022-04-13T22:44:40","modified_gmt":"2022-04-13T21:44:40","slug":"kapl-sv-vita","status":"publish","type":"page","link":"https:\/\/radosovce.fara.sk\/?page_id=129","title":{"rendered":"Kaplnka sv. V\u00edta"},"content":{"rendered":"<h4>\n\tNe\u010faleko Z&aacute;m\u010diska vo Vie&scaron;\u0165ansk&yacute;ch vinohradoch sa nach&aacute;dza kaplnka sv&auml;t&eacute;ho V&iacute;ta&nbsp; Kaplnka je z roku 1742,&nbsp; m&aacute; teda nieko\u013eko sto rokov, o&nbsp;\u010dom sved\u010dia tri&nbsp; star&eacute; lipy okolo kaplnky,&nbsp; ktor&eacute; boli pravdepodobne saden&eacute; pri stavbe kaplnky . Nie je vyl&uacute;\u010den&eacute;, \u017ee je postaven&aacute; na mieste, na ktorom st&aacute;la kaplnka, ktor&uacute; azda postavili \u010desk&iacute; husiti v 1. polovici 15.storo\u010dia.Kaplnka je od Viesky vzdialen&aacute; pribli\u017ene dva kilometre. V&nbsp;dne&scaron;nej dobe s&uacute; okolo kaplnky chaty a vinohrady. Ka\u017edoro\u010dne v&nbsp;j&uacute;ni na sviatok sv. V&iacute;ta sa u&nbsp;kaplnky kon&aacute; sv&auml;t&aacute; om&scaron;a.&nbsp; Kraj okolo sv. V&iacute;ta sa stal a&nbsp;st&aacute;le je cie\u013eom turistov pre svoju polohu, prostredie a&nbsp;pr&iacute;rodu.<br \/>\n<\/h4>\n<p style=\"text-align: center;\">\n\t&nbsp;<a href=\"https:\/\/radosovce.fara.sk\/wp-content\/uploads\/2015\/02\/kaplnka_svVita1.jpg\" rel=\"noopener\" style=\"\" target=\"\" title=\"\"><img loading=\"lazy\" decoding=\"async\" alt=\"kaplnka_svVita1\" class=\"wp-image-132 aligncenter\" height=\"394\" src=\"https:\/\/radosovce.fara.sk\/wp-content\/uploads\/2015\/02\/kaplnka_svVita1-300x194.jpg\" style=\"\" title=\"\" width=\"500\" \/><\/a>\n<\/p>\n<p style=\"text-align: center;\">\n\t<a href=\"https:\/\/radosovce.fara.sk\/wp-content\/uploads\/2022\/04\/IMG_20210302_164322-scaled.jpg\" rel=\"noopener\" style=\"\" target=\"\" title=\"\"><img loading=\"lazy\" decoding=\"async\" alt=\"\" class=\"aligncenter size-medium wp-image-3687\" height=\"461\" src=\"https:\/\/radosovce.fara.sk\/wp-content\/uploads\/2022\/04\/IMG_20210302_164322-300x241.jpg\" style=\"\" title=\"\" width=\"500\" \/><\/a>\n<\/p>\n<p style=\"text-align: center;\">\n\t&nbsp;<a href=\"https:\/\/radosovce.fara.sk\/wp-content\/uploads\/2015\/02\/V\u00edt2.png\" rel=\"noopener\" style=\"\" target=\"\" title=\"\"><img loading=\"lazy\" decoding=\"async\" alt=\"V\u00edt2\" class=\"wp-image-139 aligncenter\" height=\"443\" src=\"https:\/\/radosovce.fara.sk\/wp-content\/uploads\/2015\/02\/V\u00edt2-300x243.png\" style=\"\" title=\"\" width=\"500\" \/><\/a>\n<\/p>\n<p style=\"text-align: center;\">\n\t&nbsp;\n<\/p>\n<p>\n\t&nbsp;\n<\/p>\n<p>\n\t&nbsp;\n<\/p>\n<p>\n\t&nbsp;\n<\/p>\n<p>\n\t&nbsp;\n<\/p>\n<p>\n\t&nbsp;\n<\/p>\n<p>\n\t&nbsp;\n<\/p>\n<p>\n\t&nbsp;\n<\/p>\n<p>\n\t&nbsp;\n<\/p>\n<p>\n\t&nbsp;\n<\/p>\n<p>\n\t&nbsp;\n<\/p>\n<p>\n\t&nbsp;\n<\/p>\n<p>\n\t&nbsp;\n<\/p>\n<p>\n\t&nbsp;<\/p>\n","protected":false},"excerpt":{"rendered":"<p>Ne\u010faleko Z&aacute;m\u010diska vo Vie&scaron;\u0165ansk&yacute;ch vinohradoch sa nach&aacute;dza kaplnka sv&auml;t&eacute;ho V&iacute;ta&nbsp; Kaplnka je z roku 1742,&nbsp; m&aacute; teda nieko\u013eko sto rokov, o&nbsp;\u010dom sved\u010dia tri&nbsp; star&eacute; lipy okolo kaplnky,&nbsp; ktor&eacute; boli pravdepodobne saden&eacute; pri stavbe kaplnky . Nie je vyl&uacute;\u010den&eacute;, \u017ee je postaven&aacute; na mieste, na ktorom st&aacute;la kaplnka, ktor&uacute; azda postavili \u010desk&iacute; husiti v 1. polovici &hellip; <\/p>\n<p><a class=\"more-link btn\" href=\"https:\/\/radosovce.fara.sk\/?page_id=129\">Chcem vedie\u0165 viac<\/a><\/p>\n","protected":false},"author":1,"featured_media":0,"parent":47,"menu_order":4,"comment_status":"closed","ping_status":"open","template":"","meta":{"ngg_post_thumbnail":0,"footnotes":""},"class_list":["post-129","page","type-page","status-publish","hentry","nodate","item-wrap"],"_links":{"self":[{"href":"https:\/\/radosovce.fara.sk\/index.php?rest_route=\/wp\/v2\/pages\/129","targetHints":{"allow":["GET"]}}],"collection":[{"href":"https:\/\/radosovce.fara.sk\/index.php?rest_route=\/wp\/v2\/pages"}],"about":[{"href":"https:\/\/radosovce.fara.sk\/index.php?rest_route=\/wp\/v2\/types\/page"}],"author":[{"embeddable":true,"href":"https:\/\/radosovce.fara.sk\/index.php?rest_route=\/wp\/v2\/users\/1"}],"replies":[{"embeddable":true,"href":"https:\/\/radosovce.fara.sk\/index.php?rest_route=%2Fwp%2Fv2%2Fcomments&post=129"}],"version-history":[{"count":0,"href":"https:\/\/radosovce.fara.sk\/index.php?rest_route=\/wp\/v2\/pages\/129\/revisions"}],"up":[{"embeddable":true,"href":"https:\/\/radosovce.fara.sk\/index.php?rest_route=\/wp\/v2\/pages\/47"}],"wp:attachment":[{"href":"https:\/\/radosovce.fara.sk\/index.php?rest_route=%2Fwp%2Fv2%2Fmedia&parent=129"}],"curies":[{"name":"wp","href":"https:\/\/api.w.org\/{rel}","templated":true}]}}