{"id":158,"date":"2015-02-24T15:27:08","date_gmt":"2015-02-24T15:27:08","guid":{"rendered":"http:\/\/radosovce.fara.sk\/?page_id=158"},"modified":"2015-03-16T17:19:13","modified_gmt":"2015-03-16T16:19:13","slug":"oreske","status":"publish","type":"page","link":"https:\/\/radosovce.fara.sk\/?page_id=158","title":{"rendered":"Oresk\u00e9"},"content":{"rendered":"<h1 style=\"text-align: center;\">\u00a0 \u00a0 \u00a0 \u00a0 <strong>\u00a0<span style=\"color: #0000ff;\">Kostol sv. Medarda<\/span><\/strong><\/h1>\n<h2><a href=\"https:\/\/radosovce.fara.sk\/wp-content\/uploads\/2015\/02\/DSCN0141.jpg\"><img loading=\"lazy\" decoding=\"async\" class=\"aligncenter wp-image-449 size-large\" src=\"https:\/\/radosovce.fara.sk\/wp-content\/uploads\/2015\/02\/DSCN0143-768x1024.jpg\" alt=\"DSCN0143\" width=\"768\" height=\"1024\" srcset=\"https:\/\/radosovce.fara.sk\/wp-content\/uploads\/2015\/02\/DSCN0143-768x1024.jpg 768w, https:\/\/radosovce.fara.sk\/wp-content\/uploads\/2015\/02\/DSCN0143-225x300.jpg 225w, https:\/\/radosovce.fara.sk\/wp-content\/uploads\/2015\/02\/DSCN0143.jpg 900w\" sizes=\"auto, (max-width: 768px) 100vw, 768px\" \/><\/a><\/h2>\n<h2><strong><em>Hist\u00f3ria kostola:<\/em><\/strong><\/h2>\n<h2>V strede dediny st\u00e1la iba posv\u00e4ten\u00e1 dreven\u00e1 zvonica. V roku 1817 u\u017e st\u00e1la mal\u00e1 kaplnka zasv\u00e4ten\u00e1 sv.Medardovi biskupovi, ktor\u00e1 bola obnoven\u00e1 v roku 1902. V roku 1923 za finan\u010dnej pomoci rod\u00e1kov \u017eij\u00facich v Amerike boli zadov\u00e1\u017een\u00e9 zvony ( nako\u013eko star\u00e9 boli vo vojne zrekv\u00edrovan\u00e9 na zbrojn\u00e9 \u00fa\u010dely). Jeden bol zasv\u00e4ten\u00fd sv. Medardovi a druh\u00fd Panne M\u00e1rii, patr\u00f3nke Slovenska a sv. J\u00e1novi Nepomuck\u00e9mu.<\/h2>\n<h2>V roku 2000, za finan\u010dnej pomoci dp. Elem\u00edra Miku\u0161a, miestneho rod\u00e1ka, ktor\u00fd p\u00f4sobil v USA a na odpo\u010dinok sa vr\u00e1til do rodiska, bol kostol roz\u0161\u00edren\u00fd a 15.10. 2000 zasv\u00e4ten\u00fd arcibiskupom mons. J\u00e1nom Sokolom a zasv\u00e4ten\u00fd Panne M\u00e1rii Ru\u017eencovej.<\/h2>\n<h2><a href=\"https:\/\/radosovce.fara.sk\/wp-content\/uploads\/2015\/02\/DSCN0141.jpg\"><img loading=\"lazy\" decoding=\"async\" class=\"aligncenter wp-image-448 size-large\" src=\"https:\/\/radosovce.fara.sk\/wp-content\/uploads\/2015\/02\/DSCN0141-1024x768.jpg\" alt=\"DSCN0141\" width=\"1024\" height=\"768\" srcset=\"https:\/\/radosovce.fara.sk\/wp-content\/uploads\/2015\/02\/DSCN0141-1024x768.jpg 1024w, https:\/\/radosovce.fara.sk\/wp-content\/uploads\/2015\/02\/DSCN0141-300x225.jpg 300w, https:\/\/radosovce.fara.sk\/wp-content\/uploads\/2015\/02\/DSCN0141-1200x900.jpg 1200w, https:\/\/radosovce.fara.sk\/wp-content\/uploads\/2015\/02\/DSCN0141.jpg 1600w\" sizes=\"auto, (max-width: 1024px) 100vw, 1024px\" \/><\/a><\/h2>\n","protected":false},"excerpt":{"rendered":"<p>\u00a0 \u00a0 \u00a0 \u00a0 \u00a0Kostol sv. Medarda Hist\u00f3ria kostola: V strede dediny st\u00e1la iba posv\u00e4ten\u00e1 dreven\u00e1 zvonica. V roku 1817 u\u017e st\u00e1la mal\u00e1 kaplnka zasv\u00e4ten\u00e1 sv.Medardovi biskupovi, ktor\u00e1 bola obnoven\u00e1 v roku 1902. V roku 1923 za finan\u010dnej pomoci rod\u00e1kov \u017eij\u00facich v Amerike boli zadov\u00e1\u017een\u00e9 zvony ( nako\u013eko star\u00e9 boli vo vojne zrekv\u00edrovan\u00e9 na zbrojn\u00e9 &hellip; <\/p>\n<p><a class=\"more-link btn\" href=\"https:\/\/radosovce.fara.sk\/?page_id=158\">Chcem vedie\u0165 viac<\/a><\/p>\n","protected":false},"author":1,"featured_media":0,"parent":77,"menu_order":0,"comment_status":"closed","ping_status":"open","template":"","meta":{"ngg_post_thumbnail":0,"footnotes":""},"class_list":["post-158","page","type-page","status-publish","hentry","nodate","item-wrap"],"_links":{"self":[{"href":"https:\/\/radosovce.fara.sk\/index.php?rest_route=\/wp\/v2\/pages\/158","targetHints":{"allow":["GET"]}}],"collection":[{"href":"https:\/\/radosovce.fara.sk\/index.php?rest_route=\/wp\/v2\/pages"}],"about":[{"href":"https:\/\/radosovce.fara.sk\/index.php?rest_route=\/wp\/v2\/types\/page"}],"author":[{"embeddable":true,"href":"https:\/\/radosovce.fara.sk\/index.php?rest_route=\/wp\/v2\/users\/1"}],"replies":[{"embeddable":true,"href":"https:\/\/radosovce.fara.sk\/index.php?rest_route=%2Fwp%2Fv2%2Fcomments&post=158"}],"version-history":[{"count":0,"href":"https:\/\/radosovce.fara.sk\/index.php?rest_route=\/wp\/v2\/pages\/158\/revisions"}],"up":[{"embeddable":true,"href":"https:\/\/radosovce.fara.sk\/index.php?rest_route=\/wp\/v2\/pages\/77"}],"wp:attachment":[{"href":"https:\/\/radosovce.fara.sk\/index.php?rest_route=%2Fwp%2Fv2%2Fmedia&parent=158"}],"curies":[{"name":"wp","href":"https:\/\/api.w.org\/{rel}","templated":true}]}}