{"id":171,"date":"2015-02-25T19:01:08","date_gmt":"2015-02-25T19:01:08","guid":{"rendered":"http:\/\/radosovce.fara.sk\/?page_id=171"},"modified":"2016-06-18T14:43:53","modified_gmt":"2016-06-18T13:43:53","slug":"farska-rada","status":"publish","type":"page","link":"https:\/\/radosovce.fara.sk\/?page_id=171","title":{"rendered":"Farsk\u00e1 rada"},"content":{"rendered":"<h3>\n\t<strong>Najbli\u017e&scaron;ie zasadanie farskej rady: <span style=\"color:#FF0000;\">18. j&uacute;na 2016 o 19,00<\/span><\/strong><br \/>\n<\/h3>\n<p>\n\t&nbsp;\n<\/p>\n<h3>\n\t<strong>\u010clenovia rady:<\/strong><br \/>\n<\/h3>\n<ul>\n<li>\n<h4>\n\t\t\t<em>BAL&Aacute;\u017d Stanislav<\/em><br \/>\n\t\t<\/h4>\n<\/li>\n<li>\n<h4>\n\t\t\t<em>CHRENKA Jozef<\/em><br \/>\n\t\t<\/h4>\n<\/li>\n<li>\n<h4>\n\t\t\t<em>FLAJ\u017d&Iacute;K &Scaron;tefan<\/em><br \/>\n\t\t<\/h4>\n<\/li>\n<li>\n<h4>\n\t\t\t<em>KUDL&Aacute;\u010cOV&Aacute; Silvia<\/em><br \/>\n\t\t<\/h4>\n<\/li>\n<li>\n<h4>\n\t\t\t<em>RAJ\u010c&Aacute;K Peter<\/em><br \/>\n\t\t<\/h4>\n<\/li>\n<li>\n<h4>\n\t\t\t<em>MOLENT Martin<\/em><br \/>\n\t\t<\/h4>\n<\/li>\n<li>\n<h4>\n\t\t\t<em>&Scaron;EBESTA Peter<\/em><br \/>\n\t\t<\/h4>\n<\/li>\n<\/ul>\n<h3>\n\t&nbsp;<br \/>\n<\/h3>\n","protected":false},"excerpt":{"rendered":"<p>Najbli\u017e&scaron;ie zasadanie farskej rady: 18. j&uacute;na 2016 o 19,00 &nbsp; \u010clenovia rady: BAL&Aacute;\u017d Stanislav CHRENKA Jozef FLAJ\u017d&Iacute;K &Scaron;tefan KUDL&Aacute;\u010cOV&Aacute; Silvia RAJ\u010c&Aacute;K Peter MOLENT Martin &Scaron;EBESTA Peter &nbsp;<\/p>\n","protected":false},"author":1,"featured_media":0,"parent":2,"menu_order":0,"comment_status":"closed","ping_status":"open","template":"","meta":{"ngg_post_thumbnail":0,"footnotes":""},"class_list":["post-171","page","type-page","status-publish","hentry","nodate","item-wrap"],"_links":{"self":[{"href":"https:\/\/radosovce.fara.sk\/index.php?rest_route=\/wp\/v2\/pages\/171","targetHints":{"allow":["GET"]}}],"collection":[{"href":"https:\/\/radosovce.fara.sk\/index.php?rest_route=\/wp\/v2\/pages"}],"about":[{"href":"https:\/\/radosovce.fara.sk\/index.php?rest_route=\/wp\/v2\/types\/page"}],"author":[{"embeddable":true,"href":"https:\/\/radosovce.fara.sk\/index.php?rest_route=\/wp\/v2\/users\/1"}],"replies":[{"embeddable":true,"href":"https:\/\/radosovce.fara.sk\/index.php?rest_route=%2Fwp%2Fv2%2Fcomments&post=171"}],"version-history":[{"count":0,"href":"https:\/\/radosovce.fara.sk\/index.php?rest_route=\/wp\/v2\/pages\/171\/revisions"}],"up":[{"embeddable":true,"href":"https:\/\/radosovce.fara.sk\/index.php?rest_route=\/wp\/v2\/pages\/2"}],"wp:attachment":[{"href":"https:\/\/radosovce.fara.sk\/index.php?rest_route=%2Fwp%2Fv2%2Fmedia&parent=171"}],"curies":[{"name":"wp","href":"https:\/\/api.w.org\/{rel}","templated":true}]}}