{"id":204,"date":"2015-02-28T02:14:29","date_gmt":"2015-02-28T02:14:29","guid":{"rendered":"http:\/\/radosovce.fara.sk\/?page_id=204"},"modified":"2015-02-28T16:52:01","modified_gmt":"2015-02-28T16:52:01","slug":"kaplnka-sv-urbana","status":"publish","type":"page","link":"https:\/\/radosovce.fara.sk\/?page_id=204","title":{"rendered":"Kaplnka sv. Urbana"},"content":{"rendered":"<h4>Kaplnka sa nach\u00e1dza vo vinohradn\u00edkej oblasti, \u00a0ktor\u00e1 je vzdialena 5km od obce Rado\u0161ovce.\u00a0Kaplnku postavili v\u00a0roku 1921. P\u00f4vodn\u00e1 kaplnka bola ove\u013ea star\u0161ia. Sved\u010d\u00ed o\u00a0tom listina z\u00a0roku 1764, ktor\u00fa postavali ob\u010dania vtedy\u00a0cis\u00e1rskeho meste\u010dka Rado\u0161ovce.<\/h4>\n<p><a href=\"https:\/\/radosovce.fara.sk\/wp-content\/uploads\/2015\/02\/IMG_1886.jpg\"><img loading=\"lazy\" decoding=\"async\" class=\"alignnone size-large wp-image-237\" alt=\"IMG_1886\" src=\"https:\/\/radosovce.fara.sk\/wp-content\/uploads\/2015\/02\/IMG_1886-1024x768.jpg\" width=\"530\" height=\"397\" srcset=\"https:\/\/radosovce.fara.sk\/wp-content\/uploads\/2015\/02\/IMG_1886-1024x768.jpg 1024w, https:\/\/radosovce.fara.sk\/wp-content\/uploads\/2015\/02\/IMG_1886-300x225.jpg 300w, https:\/\/radosovce.fara.sk\/wp-content\/uploads\/2015\/02\/IMG_1886.jpg 2024w\" sizes=\"auto, (max-width: 530px) 100vw, 530px\" \/><\/a><\/p>\n<h4>Koncom m\u00e1ja sa tu konaj\u00fa sl\u00e1vnosti za pr\u00edle\u017eitosti sviatoku tohto patr\u00f3na vinohradn\u00edkov sv. Urbana. Jeho sviatok pripada na 25. m\u00e1j a v tomto obdob\u00fd sa tu v nede\u013eu kon\u00e1 sl\u00e1nostn\u00e1 sv. om\u0161a.<\/h4>\n<p><a href=\"https:\/\/radosovce.fara.sk\/wp-content\/uploads\/2015\/02\/DSCN3453_2.jpg\"><img loading=\"lazy\" decoding=\"async\" class=\"alignnone size-large wp-image-240\" alt=\"DSCN3453_2\" src=\"https:\/\/radosovce.fara.sk\/wp-content\/uploads\/2015\/02\/DSCN3453_2-1024x768.jpg\" width=\"530\" height=\"397\" srcset=\"https:\/\/radosovce.fara.sk\/wp-content\/uploads\/2015\/02\/DSCN3453_2-1024x768.jpg 1024w, https:\/\/radosovce.fara.sk\/wp-content\/uploads\/2015\/02\/DSCN3453_2-300x225.jpg 300w, https:\/\/radosovce.fara.sk\/wp-content\/uploads\/2015\/02\/DSCN3453_2-1200x900.jpg 1200w\" sizes=\"auto, (max-width: 530px) 100vw, 530px\" \/><\/a><\/p>\n<p>&nbsp;<\/p>\n","protected":false},"excerpt":{"rendered":"<p>Kaplnka sa nach\u00e1dza vo vinohradn\u00edkej oblasti, \u00a0ktor\u00e1 je vzdialena 5km od obce Rado\u0161ovce.\u00a0Kaplnku postavili v\u00a0roku 1921. P\u00f4vodn\u00e1 kaplnka bola ove\u013ea star\u0161ia. Sved\u010d\u00ed o\u00a0tom listina z\u00a0roku 1764, ktor\u00fa postavali ob\u010dania vtedy\u00a0cis\u00e1rskeho meste\u010dka Rado\u0161ovce. Koncom m\u00e1ja sa tu konaj\u00fa sl\u00e1vnosti za pr\u00edle\u017eitosti sviatoku tohto patr\u00f3na vinohradn\u00edkov sv. Urbana. Jeho sviatok pripada na 25. m\u00e1j a v tomto &hellip; <\/p>\n<p><a class=\"more-link btn\" href=\"https:\/\/radosovce.fara.sk\/?page_id=204\">Chcem vedie\u0165 viac<\/a><\/p>\n","protected":false},"author":1,"featured_media":0,"parent":47,"menu_order":4,"comment_status":"closed","ping_status":"closed","template":"","meta":{"ngg_post_thumbnail":0,"footnotes":""},"class_list":["post-204","page","type-page","status-publish","hentry","nodate","item-wrap"],"_links":{"self":[{"href":"https:\/\/radosovce.fara.sk\/index.php?rest_route=\/wp\/v2\/pages\/204","targetHints":{"allow":["GET"]}}],"collection":[{"href":"https:\/\/radosovce.fara.sk\/index.php?rest_route=\/wp\/v2\/pages"}],"about":[{"href":"https:\/\/radosovce.fara.sk\/index.php?rest_route=\/wp\/v2\/types\/page"}],"author":[{"embeddable":true,"href":"https:\/\/radosovce.fara.sk\/index.php?rest_route=\/wp\/v2\/users\/1"}],"replies":[{"embeddable":true,"href":"https:\/\/radosovce.fara.sk\/index.php?rest_route=%2Fwp%2Fv2%2Fcomments&post=204"}],"version-history":[{"count":0,"href":"https:\/\/radosovce.fara.sk\/index.php?rest_route=\/wp\/v2\/pages\/204\/revisions"}],"up":[{"embeddable":true,"href":"https:\/\/radosovce.fara.sk\/index.php?rest_route=\/wp\/v2\/pages\/47"}],"wp:attachment":[{"href":"https:\/\/radosovce.fara.sk\/index.php?rest_route=%2Fwp%2Fv2%2Fmedia&parent=204"}],"curies":[{"name":"wp","href":"https:\/\/api.w.org\/{rel}","templated":true}]}}