{"id":4418,"date":"2026-04-01T01:51:40","date_gmt":"2026-04-01T00:51:40","guid":{"rendered":"https:\/\/radosovce.fara.sk\/?page_id=4418"},"modified":"2026-04-01T02:02:51","modified_gmt":"2026-04-01T01:02:51","slug":"kalvaria-krizova-cesta","status":"publish","type":"page","link":"https:\/\/radosovce.fara.sk\/?page_id=4418","title":{"rendered":"Kalv\u00e1ria-Kr\u00ed\u017eov\u00e1 cesta"},"content":{"rendered":"<p><span style=\"font-family: 'arial black', sans-serif;\">Z\u00e1merom vybudova\u0165 Kr\u00ed\u017eov\u00fa cestu sa vo Vieske za\u010dali zaobera\u0165 od roka 2014, v decembri 2016 po\u017eiadali realiz\u00e1tori idey o podporu obyvate\u013eov. Duchovn\u00fdm otcom Kr\u00ed\u017eovej cesty (Kalv\u00e1rie) a koordin\u00e1torom pr\u00e1c na jej v\u00fdstavbe sa stal Jozef Chrenka ml. V m\u00e1ji 2017 sa za\u010dalo s pr\u00edpravn\u00fdmi pr\u00e1cami, ktor\u00e9 zah\u0155\u0148ali odstr\u00e1nenie plota medzi cintor\u00ednom a kaplnkou Sedembolestnej Panny M\u00e1rie, vyrezanie drev\u00edn a pr\u00edvod elektrok\u00e1bla pre osvetlenie zastaven\u00ed. Boli vybudovan\u00e9 zastavenia Kr\u00ed\u017eovej cesty v podobe \u0161t\u00edhlych kaplniek, do ich centra prelo\u017eili star\u0161\u00ed kr\u00ed\u017e z roka 1918.&nbsp;V roku 2018 sa viedli dokon\u010dovacie pr\u00e1ce, zhotovil sa chodn\u00edk, osadili sa reli\u00e9fy do v\u00fdklenkov kaplniek. Miestni obyvatelia popri altruistickej pr\u00e1ci na zastaveniach Kr\u00ed\u017eovej cesty vyzbierali na jej financovanie vy\u0161e 14 tis\u00edc \u20ac. Biskup Jozef Ha\u013eko po\u017eehnal dokon\u010den\u00fa Kr\u00ed\u017eov\u00fa cestu vo Vieske 16. septembra 2018.<\/span><\/p>\n<iframe loading=\"lazy\" frameborder=\"0\" src=\"https:\/\/drive.google.com\/file\/d\/1IUYIaKh56m0nkBiHGiYGfKqh6n5zo72j\/preview?usp=drivesdk\" width=\"100%\" height=\"400\" style=\"border:0;max-width:100%\" scrolling=\"yes\"><\/iframe>\nngg_shortcode_0_placeholder\n","protected":false},"excerpt":{"rendered":"<p>Z\u00e1merom vybudova\u0165 Kr\u00ed\u017eov\u00fa cestu sa vo Vieske za\u010dali zaobera\u0165 od roka 2014, v decembri 2016 po\u017eiadali realiz\u00e1tori idey o podporu obyvate\u013eov. Duchovn\u00fdm otcom Kr\u00ed\u017eovej cesty (Kalv\u00e1rie) a koordin\u00e1torom pr\u00e1c na jej v\u00fdstavbe sa stal Jozef Chrenka ml. V m\u00e1ji 2017 sa za\u010dalo s pr\u00edpravn\u00fdmi pr\u00e1cami, ktor\u00e9 zah\u0155\u0148ali odstr\u00e1nenie plota medzi cintor\u00ednom a kaplnkou Sedembolestnej Panny &hellip; <\/p>\n<p><a class=\"more-link btn\" href=\"https:\/\/radosovce.fara.sk\/?page_id=4418\">Chcem vedie\u0165 viac<\/a><\/p>\n","protected":false},"author":1,"featured_media":0,"parent":47,"menu_order":0,"comment_status":"closed","ping_status":"closed","template":"","meta":{"ngg_post_thumbnail":0,"footnotes":""},"class_list":["post-4418","page","type-page","status-publish","hentry","nodate","item-wrap"],"_links":{"self":[{"href":"https:\/\/radosovce.fara.sk\/index.php?rest_route=\/wp\/v2\/pages\/4418","targetHints":{"allow":["GET"]}}],"collection":[{"href":"https:\/\/radosovce.fara.sk\/index.php?rest_route=\/wp\/v2\/pages"}],"about":[{"href":"https:\/\/radosovce.fara.sk\/index.php?rest_route=\/wp\/v2\/types\/page"}],"author":[{"embeddable":true,"href":"https:\/\/radosovce.fara.sk\/index.php?rest_route=\/wp\/v2\/users\/1"}],"replies":[{"embeddable":true,"href":"https:\/\/radosovce.fara.sk\/index.php?rest_route=%2Fwp%2Fv2%2Fcomments&post=4418"}],"version-history":[{"count":9,"href":"https:\/\/radosovce.fara.sk\/index.php?rest_route=\/wp\/v2\/pages\/4418\/revisions"}],"predecessor-version":[{"id":4428,"href":"https:\/\/radosovce.fara.sk\/index.php?rest_route=\/wp\/v2\/pages\/4418\/revisions\/4428"}],"up":[{"embeddable":true,"href":"https:\/\/radosovce.fara.sk\/index.php?rest_route=\/wp\/v2\/pages\/47"}],"wp:attachment":[{"href":"https:\/\/radosovce.fara.sk\/index.php?rest_route=%2Fwp%2Fv2%2Fmedia&parent=4418"}],"curies":[{"name":"wp","href":"https:\/\/api.w.org\/{rel}","templated":true}]}}