{"id":61,"date":"2015-02-18T20:38:33","date_gmt":"2015-02-18T20:38:33","guid":{"rendered":"http:\/\/radosovce.fara.sk\/?page_id=61"},"modified":"2015-04-12T08:42:37","modified_gmt":"2015-04-12T07:42:37","slug":"nase-aktivity","status":"publish","type":"page","link":"https:\/\/radosovce.fara.sk\/?page_id=61","title":{"rendered":"Na\u0161e aktivity"},"content":{"rendered":"<h4>\n\t<span style=\"font-size:16px;\">Za\u010diatkom&nbsp;roku 2011 sme nacvi\u010dili divadeln&uacute; hru s&nbsp;n&aacute;zvom:&nbsp;<strong>Obe\u0165 spovedn&eacute;ho tajomstva.<\/strong>&nbsp;Jej premi&eacute;ra sa uskuto\u010dnila v&nbsp;nede\u013eu 9. okt&oacute;bra 2011 v&nbsp;Kult&uacute;rnom dome v&nbsp;Rado&scaron;ovciach.<\/span><br \/>\n<\/h4>\n<h4>\n\t<span style=\"font-size:16px;\"><span style=\"text-decoration: underline;\">repr&iacute;zy:<\/span><\/span><br \/>\n<\/h4>\n<h4 style=\"margin: 0cm 0cm 0.0001pt;\">\n\t<span style=\"font-size:16px;\"><span lang=\"CS\" style=\"font-family: Arial, sans-serif;\">28. janu&aacute;r 2012 &ndash; Bratislava k\u0148azsk&yacute; semin&aacute;r<\/span><\/span><br \/>\n<\/h4>\n<h4 style=\"widows: auto; margin: 0cm 0cm 0.0001pt; font-stretch: normal;\">\n\t<span style=\"font-size:16px;\"><span lang=\"CS\" style=\"font-family: Arial, sans-serif;\">5. febru&aacute;r 2012 &ndash; Vini\u010dn&eacute;<\/span><\/span><br \/>\n<\/h4>\n<h4 style=\"widows: auto; margin: 0cm 0cm 0.0001pt; font-stretch: normal;\">\n\t<span style=\"font-size:16px;\"><span lang=\"CS\" style=\"font-family: Arial, sans-serif;\">25. febru&aacute;r 2012 &ndash; Z&aacute;vod<\/span><\/span><br \/>\n<\/h4>\n<h4 style=\"widows: auto; margin: 0cm 0cm 0.0001pt; font-stretch: normal;\">\n\t<span style=\"font-size:16px;\"><span lang=\"CS\" style=\"font-family: Arial, sans-serif;\">26. febru&aacute;r 2012 &ndash; Dubov&aacute; pri Modre<\/span><\/span><br \/>\n<\/h4>\n<h4 style=\"widows: auto; margin: 0cm 0cm 0.0001pt; font-stretch: normal;\">\n\t<span style=\"font-size:16px;\"><span lang=\"CS\" style=\"font-family: Arial, sans-serif;\">3. marec 2012 &ndash; Kaplna<\/span><\/span><br \/>\n<\/h4>\n<h4 style=\"widows: auto; margin: 0cm 0cm 0.0001pt; font-stretch: normal;\">\n\t<span style=\"font-size:16px;\"><span lang=\"CS\" style=\"font-family: Arial, sans-serif;\">4. marec 2012 &ndash; &Scaron;tefanov<\/span><\/span><br \/>\n<\/h4>\n<h4 style=\"widows: auto; margin: 0cm 0cm 0.0001pt; font-stretch: normal;\">\n\t<span style=\"font-size:16px;\"><span lang=\"CS\" style=\"font-family: Arial, sans-serif;\">11. marec 2012 &ndash; Skalica<\/span><\/span><br \/>\n<\/h4>\n<h4 style=\"widows: auto; margin: 0cm 0cm 0.0001pt; font-stretch: normal;\">\n\t<span style=\"font-size:16px;\"><span lang=\"CS\" style=\"font-family: Arial, sans-serif;\">4. november 2012 &ndash; Smrd&aacute;ky<\/span><\/span><br \/>\n<\/h4>\n<h4 style=\"widows: auto; margin: 0cm 0cm 0.0001pt; font-stretch: normal;\">\n\t<span style=\"font-size:16px;\"><span lang=\"CS\" style=\"font-family: Arial, sans-serif;\">9. marec 2014 &ndash; Sv&auml;t&yacute; Jur<\/span><\/span><br \/>\n<\/h4>\n<h4 style=\"widows: auto; margin: 0cm 0cm 0.0001pt; font-stretch: normal;\">\n\t<span style=\"font-size:16px;\"><span lang=\"CS\" style=\"font-family: Arial, sans-serif;\">23. marec 2014 &ndash; C&iacute;fer<\/span><\/span><br \/>\n<\/h4>\n<h4 style=\"widows: auto; margin: 0cm 0cm 0.0001pt; font-stretch: normal;\">\n\t<span style=\"font-size:16px;\"><span lang=\"CS\" style=\"font-family: Arial, sans-serif;\">8. marec 2015 &ndash; Lopa&scaron;ov<\/span><\/span><br \/>\n<\/h4>\n<p>\n\t&nbsp;\n<\/p>\n<h1 style=\"text-align: center;\">\n\t<span style=\"text-decoration: underline;\"><span style=\"color: #ff0000;\"><strong>&dArr;FOTO z PREDSTAVENIA&dArr;<\/strong><\/span><\/span><br \/>\n<\/h1>\n\n\t\t<style type=\"text\/css\">\n\t\t\t#gallery-1 {\n\t\t\t\tmargin: auto;\n\t\t\t}\n\t\t\t#gallery-1 .gallery-item {\n\t\t\t\tfloat: left;\n\t\t\t\tmargin-top: 10px;\n\t\t\t\ttext-align: center;\n\t\t\t\twidth: 25%;\n\t\t\t}\n\t\t\t#gallery-1 img {\n\t\t\t\tborder: 2px solid #cfcfcf;\n\t\t\t}\n\t\t\t#gallery-1 .gallery-caption {\n\t\t\t\tmargin-left: 0;\n\t\t\t}\n\t\t\t\/* see gallery_shortcode() in wp-includes\/media.php *\/\n\t\t<\/style>\n\t\t<div id='gallery-1' class='gallery galleryid-61 gallery-columns-4 gallery-size-thumbnail'><dl class='gallery-item'>\n\t\t\t<dt class='gallery-icon landscape'>\n\t\t\t\t<a href='https:\/\/radosovce.fara.sk\/wp-content\/uploads\/2015\/03\/P1180712.jpg'><img loading=\"lazy\" decoding=\"async\" width=\"150\" height=\"150\" src=\"https:\/\/radosovce.fara.sk\/wp-content\/uploads\/2015\/03\/P1180712-150x150.jpg\" class=\"attachment-thumbnail size-thumbnail\" alt=\"\" data-wp-pid=\"494\" \/><\/a>\n\t\t\t<\/dt><\/dl><dl class='gallery-item'>\n\t\t\t<dt class='gallery-icon landscape'>\n\t\t\t\t<a href='https:\/\/radosovce.fara.sk\/wp-content\/uploads\/2015\/03\/P1180731.jpg'><img loading=\"lazy\" decoding=\"async\" width=\"150\" height=\"150\" src=\"https:\/\/radosovce.fara.sk\/wp-content\/uploads\/2015\/03\/P1180731-150x150.jpg\" class=\"attachment-thumbnail size-thumbnail\" alt=\"\" data-wp-pid=\"495\" \/><\/a>\n\t\t\t<\/dt><\/dl><dl class='gallery-item'>\n\t\t\t<dt class='gallery-icon portrait'>\n\t\t\t\t<a href='https:\/\/radosovce.fara.sk\/wp-content\/uploads\/2015\/03\/P1180773.jpg'><img loading=\"lazy\" decoding=\"async\" width=\"150\" height=\"150\" src=\"https:\/\/radosovce.fara.sk\/wp-content\/uploads\/2015\/03\/P1180773-150x150.jpg\" class=\"attachment-thumbnail size-thumbnail\" alt=\"\" data-wp-pid=\"496\" \/><\/a>\n\t\t\t<\/dt><\/dl><dl class='gallery-item'>\n\t\t\t<dt class='gallery-icon landscape'>\n\t\t\t\t<a href='https:\/\/radosovce.fara.sk\/wp-content\/uploads\/2015\/03\/DSC03298.jpg'><img loading=\"lazy\" decoding=\"async\" width=\"150\" height=\"150\" src=\"https:\/\/radosovce.fara.sk\/wp-content\/uploads\/2015\/03\/DSC03298-150x150.jpg\" class=\"attachment-thumbnail size-thumbnail\" alt=\"\" data-wp-pid=\"486\" \/><\/a>\n\t\t\t<\/dt><\/dl><br style=\"clear: both\" \/>\n\t\t<\/div>\n\n","protected":false},"excerpt":{"rendered":"<p>Za\u010diatkom&nbsp;roku 2011 sme nacvi\u010dili divadeln&uacute; hru s&nbsp;n&aacute;zvom:&nbsp;Obe\u0165 spovedn&eacute;ho tajomstva.&nbsp;Jej premi&eacute;ra sa uskuto\u010dnila v&nbsp;nede\u013eu 9. okt&oacute;bra 2011 v&nbsp;Kult&uacute;rnom dome v&nbsp;Rado&scaron;ovciach. repr&iacute;zy: 28. janu&aacute;r 2012 &ndash; Bratislava k\u0148azsk&yacute; semin&aacute;r 5. febru&aacute;r 2012 &ndash; Vini\u010dn&eacute; 25. febru&aacute;r 2012 &ndash; Z&aacute;vod 26. febru&aacute;r 2012 &ndash; Dubov&aacute; pri Modre 3. marec 2012 &ndash; Kaplna 4. marec 2012 &ndash; &Scaron;tefanov 11. &hellip; <\/p>\n<p><a class=\"more-link btn\" href=\"https:\/\/radosovce.fara.sk\/?page_id=61\">Chcem vedie\u0165 viac<\/a><\/p>\n","protected":false},"author":1,"featured_media":0,"parent":16,"menu_order":0,"comment_status":"closed","ping_status":"open","template":"","meta":{"ngg_post_thumbnail":0,"footnotes":""},"class_list":["post-61","page","type-page","status-publish","hentry","nodate","item-wrap"],"_links":{"self":[{"href":"https:\/\/radosovce.fara.sk\/index.php?rest_route=\/wp\/v2\/pages\/61","targetHints":{"allow":["GET"]}}],"collection":[{"href":"https:\/\/radosovce.fara.sk\/index.php?rest_route=\/wp\/v2\/pages"}],"about":[{"href":"https:\/\/radosovce.fara.sk\/index.php?rest_route=\/wp\/v2\/types\/page"}],"author":[{"embeddable":true,"href":"https:\/\/radosovce.fara.sk\/index.php?rest_route=\/wp\/v2\/users\/1"}],"replies":[{"embeddable":true,"href":"https:\/\/radosovce.fara.sk\/index.php?rest_route=%2Fwp%2Fv2%2Fcomments&post=61"}],"version-history":[{"count":0,"href":"https:\/\/radosovce.fara.sk\/index.php?rest_route=\/wp\/v2\/pages\/61\/revisions"}],"up":[{"embeddable":true,"href":"https:\/\/radosovce.fara.sk\/index.php?rest_route=\/wp\/v2\/pages\/16"}],"wp:attachment":[{"href":"https:\/\/radosovce.fara.sk\/index.php?rest_route=%2Fwp%2Fv2%2Fmedia&parent=61"}],"curies":[{"name":"wp","href":"https:\/\/api.w.org\/{rel}","templated":true}]}}