{"id":620,"date":"2015-03-21T20:57:16","date_gmt":"2015-03-21T19:57:16","guid":{"rendered":"http:\/\/radosovce.fara.sk\/?page_id=620"},"modified":"2025-05-23T14:49:08","modified_gmt":"2025-05-23T13:49:08","slug":"rodaci","status":"publish","type":"page","link":"https:\/\/radosovce.fara.sk\/?page_id=620","title":{"rendered":"Rod\u00e1ci"},"content":{"rendered":"<p style=\"margin-bottom: 0cm; font-weight: medium;\"><em><span style=\"font-size: 18px;\"><span style=\"font-family: lucida sans unicode,lucida grande,sans-serif;\"><b>Vdp. KUB\u00cdK Anton, dekan<\/b><\/span><\/span><\/em><\/p>\n<p style=\"margin-bottom: 0cm; font-weight: medium;\"><span style=\"font-size: 16px;\">nar.:&nbsp; <strong>3. 6.1902<\/strong> &#8211; Rado\u0161ovce, k\u0148azsk\u00e1 vysviacka:&nbsp; <strong>3. 7.1928<\/strong>, p\u00f4sobil vo Vrbovom, Ve\u013ek\u00fd Cet\u00edn, Vinodol, Star\u00e1 Tur\u00e1, Brodsk\u00e9, Semerovo, Zohor, od 1958 do 1964 mimo pastor\u00e1ciu, Horn\u00e9 Obdokovce, Baj\u010d, Te\u0161ed\u00edkovo, zomrel: <strong>27. 1.1985<\/strong>, pochovan\u00fd v Rado\u0161ovciach<\/span><\/p>\n<p style=\"margin-bottom: 0cm; font-weight: medium;\">&nbsp;<\/p>\n<p style=\"margin-bottom: 0cm; font-weight: medium;\"><span style=\"font-size: 18px;\"><span style=\"font-family: lucida sans unicode,lucida grande,sans-serif;\"><em><b>Vdp. MIKULA Felix, ThDr., teol\u00f3g a publicista<\/b><\/em><\/span><\/span><\/p>\n<p style=\"margin-bottom: 0cm;\"><span style=\"font-size: 16px;\">nar.: <strong>27. 3.1906<\/strong> &#8211; Vieska, k\u0148azsk\u00e9 \u0161t\u00fadia absolvoval v Innsbrucku,vysv\u00e4ten\u00fd <strong>26. 7.1931<\/strong>,p\u00f4sobil v Novom Meste nad V\u00e1hom, hovoril 13 cudz\u00edmi jazykmi a v r. 1935 odch\u00e1dza na Karlovu Univerzitu, Toelogick\u00fa fakultu v Prahe k p. biskupovi Mons. Jozefovi BERANOVI. Zomrel:&nbsp; <strong>6. 4.1979<\/strong> &#8211; <span style=\"font-family: arial,helvetica,sans-serif;\"><span style=\"color: #000000;\"><span style=\"font-style: normal;\">Cleveland, OH, USA<\/span><\/span><\/span><\/span><\/p>\n<p style=\"margin-bottom: 0cm;\">&nbsp;<\/p>\n<p style=\"margin-bottom: 0cm; font-weight: medium;\"><span style=\"font-family: lucida sans unicode,lucida grande,sans-serif;\"><span style=\"font-size: 18px;\"><em><b>Vdp. ZA\u0147\u00c1T Tom\u00e1\u0161<\/b><\/em><\/span><\/span><\/p>\n<p style=\"margin-bottom: 0cm; font-weight: medium;\"><span style=\"font-size: 16px;\">nar. <strong>23.12.1906 <\/strong>&#8211; Rado\u0161ovce, k\u0148azsk\u00e1 vysviacka:&nbsp;<strong> 8. 5.1932.&nbsp;<\/strong>P\u00f4sobisk\u00e1: Smolenice, Star\u00fd Tekov, Vr\u00e1ble, Dubov\u00e1, Skalica, &#8230; Zomrel:&nbsp;<strong> 3.10.1976<\/strong>, pochovan\u00fd v Rado\u0161ovciach<\/span><\/p>\n<p style=\"margin-bottom: 0cm; font-weight: medium;\">&nbsp;<\/p>\n<p style=\"margin-bottom: 0cm; font-weight: medium;\"><span style=\"font-family: lucida sans unicode,lucida grande,sans-serif;\"><em><strong><span style=\"font-size: 18px;\">Vdp. <\/span><\/strong><\/em><\/span><span style=\"font-size: 18px;\"><span style=\"font-family: lucida sans unicode,lucida grande,sans-serif;\"><em><strong>KONE\u010cN\u00dd<\/strong><\/em><\/span><\/span><em><strong><span style=\"font-family: lucida sans unicode,lucida grande,sans-serif;\"><span style=\"font-size: 18px;\"> Flori\u00e1n<\/span><\/span><\/strong><\/em><\/p>\n<p style=\"margin-bottom: 0cm; font-weight: medium;\"><span style=\"font-size: 16px;\">nar.<\/span><span style=\"font-size: 16px;\">: <strong>23. 4.1910<\/strong> &#8211; Rado\u0161ovce, k\u0148azsk\u00e1 vysviacka: <strong>16. 5.1936<\/strong>, kapl\u00e1n: Such\u00e1 nad Parnou, Tes\u00e1ry nad \u017ditavou, Mojm\u00edrovce, od r. 1939 mimo pastor\u00e1cie<\/span><\/p>\n<p style=\"margin-bottom: 0cm; font-weight: medium;\">&nbsp;<\/p>\n<p style=\"margin-bottom: 0cm; font-weight: medium;\"><span style=\"font-family: lucida sans unicode,lucida grande,sans-serif;\"><span style=\"font-size: 18px;\"><em><strong>Vdp. POBUDA Bernard, dekan <\/strong><\/em><\/span><\/span><\/p>\n<p style=\"margin-bottom: 0cm; font-weight: medium;\"><span style=\"font-size: 16px;\">nar.:&nbsp; <strong>2. 1.1913<\/strong> &#8211; Rado\u0161ovce, k\u0148azsk\u00e1 vysviacka: <strong>18. 6.1939<\/strong>, p\u00f4sobisk\u00e1: <\/span><span style=\"font-size: 16px;\">Topo\u013e\u010dany, Chtelnica, Ve\u013ek\u00e9 Kosto\u013eany, Hol\u00ed\u010d, Sere\u010f, Blatn\u00e9, Horn\u00e9 Otrokovce,<\/span> <span style=\"font-size: 16px;\">zomrel: <\/span><span style=\"font-size: 16px;\"><strong>15. 7.2001<\/strong>, pochovan\u00fd v Rado\u0161ovciach<\/span><\/p>\n<p style=\"margin-bottom: 0cm; font-weight: medium;\">&nbsp;<\/p>\n<p style=\"margin-bottom: 0cm; font-weight: medium;\"><span style=\"font-family: arial,helvetica,sans-serif;\"><strong><span style=\"font-size: 14pt;\"><span style=\"font-family: lucida sans unicode,lucida grande,sans-serif;\"><em>Vdp. VOLEK Izidor<\/em><\/span> <\/span><\/strong><\/span><\/p>\n<p style=\"margin-bottom: 0cm; font-weight: medium;\"><span style=\"font-size: 12pt;\">nar.: <strong>21. 3.1913<\/strong> &#8211; Vl\u010dkovany, k\u0148azsk\u00e1 vysviacka: <strong>16. 6.1940<\/strong> &#8211; Bratislava. <\/span><span style=\"font-size: 12pt;\">Po <\/span><span style=\"font-size: 12pt;\">k\u0148azskej vysviacke p\u00f4sobil ako kapl\u00e1n v <\/span><span style=\"font-size: 12pt;\">Chtelnici, v <\/span><span style=\"font-size: 12pt;\">Gajaroch, od roku <\/span><span style=\"font-size: 12pt;\">1947 ako spr\u00e1vca fary v Plaveckom \u0160tvrtku<\/span><span style=\"font-size: 12pt;\">. Koncom roka 1952 odi\u0161iel do Ru\u017eindola, <\/span><span style=\"font-size: 12pt;\">odtia\u013e v <\/span><span style=\"font-size: 12pt;\">roku 1964 do Kop\u010dian. O<\/span><span style=\"font-size: 12pt;\">d roku 1973 bol na d\u00f4chodku a <\/span><span style=\"font-size: 12pt;\">p\u00f4sobil ako duchovn\u00fd v <\/span><span style=\"font-size: 12pt;\">\u00dass v Hol\u00ed\u010di. Zomrel: <strong>17. 3.1983<\/strong>. Pochovan\u00fd je v Rado\u0161ovciach.<\/span><\/p>\n<p style=\"margin-bottom: 0cm; font-weight: medium;\">&nbsp;<\/p>\n<p style=\"margin-bottom: 0cm;\"><span style=\"font-size: 18px;\"><span style=\"font-family: lucida sans unicode,lucida grande,sans-serif;\"><em><b>Vdp. MIKULA August\u00edn <\/b><\/em><\/span><\/span><\/p>\n<p style=\"margin-bottom: 0cm; font-weight: medium;\"><span style=\"font-size: 16px;\">nar.: <strong>23.12.1913<\/strong> &#8211; Vieska , prim\u00edcie <strong>29. 6.1938<\/strong>. P\u00f4sobil V Banskej Bystrici a ke\u010f sl\u00fa\u017eil sv. om\u0161u na Star\u00fdch Hor\u00e1ch, bol upozornen\u00fd sestri\u010dkami, aby sa nevracal, \u017ee je v nebezpe\u010denstve. Zo Star\u00fdch H\u00f4r bol prepraven\u00fd do Moravsk\u00e9ho Sv\u00e4t\u00e9ho J\u00e1na, kde mal bielou \u0161atkou ozna\u010den\u00fd \u00fakryt. Z tohto miesta bol na konskom voze, v k\u00f4pke sena tajne prevezen\u00fd do Rak\u00faska. P\u00f4sobil v Salzburgu, kde aj <strong>19. 3.2001<\/strong> zomrel a je tam pochovan\u00fd.<\/span><\/p>\n<p>&nbsp;<\/p>\n<p><strong><em><span style=\"font-size: 14pt;\">Vdp. \u0160TEPANOVSK\u00dd Vendel\u00edn<\/span> <\/em><\/strong><\/p>\n<p>nar.:&nbsp;<strong>31. 1.1917<\/strong> \u2013 Oresk\u00e9, k\u0148azsk\u00e1 vysviacka: <strong>18. 6.1944<\/strong>, p\u00f4sobisk\u00e1: Polomka, \u0160olt\u00fdska, \u017dakarovce, Hodejov, Rimavsk\u00e1 Sobota, Gelnica, Ro\u017e\u0148ava, Mur\u00e1nska Dlh\u00e1 L\u00faka, Hn\u00fa\u0161\u0165a, zomrel: <strong>22. 4.1997<\/strong> v&nbsp;Hn\u00fa\u0161ti, pochovan\u00fd v<\/p>\n<p style=\"margin-bottom: 0cm; font-weight: medium;\">&nbsp;<\/p>\n<p style=\"margin-bottom: 0cm; font-weight: medium;\"><em><strong><span style=\"font-family: lucida sans unicode,lucida grande,sans-serif;\"><span style=\"font-size: 18px;\">Vdp. \u0160TEPANOVSK\u00dd Medard, SDB <\/span><\/span><\/strong><\/em><\/p>\n<p style=\"margin-bottom: 0cm; font-weight: medium;\"><span style=\"font-size: 16px;\">nar.:<strong>&nbsp; 7. 6.1927<\/strong> &#8211; Oresk\u00e9, k\u0148azsk\u00e1 vysviacka:&nbsp; <strong>1. 7.1956<\/strong> v Taliansku. Predstaven\u00fd mu ur\u010dil za p\u00f4sobisko salezi\u00e1nske gymn\u00e1zium v Buxheim, Nemecko, kde \u017eil a pracoval a\u017e do svojej smrti d\u0148a <strong>12. 8.2017<\/strong>, pochovan\u00fd v Buxheim. <\/span><\/p>\n<p style=\"margin-bottom: 0cm; font-weight: medium;\">&nbsp;<\/p>\n<p style=\"margin-bottom: 0cm; font-weight: medium;\"><em><strong><span style=\"font-family: lucida sans unicode,lucida grande,sans-serif;\"><span style=\"font-size: 18px;\">Vdp. MIKU\u0160 Jozef Elem\u00edr, ThLic.<\/span><\/span><\/strong><\/em><\/p>\n<p style=\"margin-bottom: 0cm; font-weight: medium;\"><span style=\"font-size: 16px;\">nar.: <strong>26. 7.1927<\/strong> &#8211; Oresk\u00e9, k\u0148azsk\u00e1 vysviacka:&nbsp; <strong>1. 7.1957<\/strong>. P\u00f4sobil v Nemecku, R\u00edme, Viede\u0148<\/span><span style=\"font-size: 16px;\">, Detroit (USA), od roku 2001 na odpo\u010dinku v Oreskom, opravil a roz\u0161\u00edril tam kostol. Zomrel:&nbsp; <strong>6. 8.2013<\/strong>, pochovan\u00fd v Oreskom.<\/span><\/p>\n<p style=\"margin-bottom: 0cm; font-weight: medium;\">&nbsp;<\/p>\n<p><span style=\"font-size: 18px;\"><span style=\"font-family: lucida sans unicode,lucida grande,sans-serif;\"><strong><em>Vdp. MIKULA Bohumil, Mgr.<\/em><\/strong><\/span><\/span><\/p>\n<p><span style=\"font-size: 16px;\">nar.:&nbsp; <strong>5. 1.1950<\/strong> &#8211; Rado\u0161ovce, k\u0148azsk\u00e1 vysviacka:&nbsp; <strong>9. 6.1973<\/strong> &#8211; Bratislava, prim\u00edcie: <strong>17. 6.1973<\/strong> &#8211; <strong>Rado\u0161ovce<\/strong> &#8211; kazate\u013e vdp. dekan <strong>Jozef HAVRAN<\/strong><\/span>, <span style=\"font-size: 16px;\">p\u00f4sobisk\u00e1: Pezinok, Sv\u00e4t\u00fd Jur, Bratislava, Skalica, Doj\u010d, \u010cermany, Prese\u013eany, K\u00faty, Vysok\u00e1 pri Morave, na odpo\u010dinku Pie\u0161\u0165any. Zomrel: <strong>29. 4.2025<\/strong>, pochovan\u00fd vo Ve\u013ekom Orvi\u0161ti.<\/span><\/p>\n<p>&nbsp;<\/p>\n<p><span style=\"font-size: 18px;\"><span style=\"font-family: lucida sans unicode,lucida grande,sans-serif;\"><strong><em>Vdp. BEDERKA J\u00e1n, ICLic., dekan, cirkevn\u00fd sudca<\/em><\/strong><\/span><\/span><\/p>\n<p><span style=\"font-size: 16px;\">nar.: <strong>28. 9.1956<\/strong> &#8211; Skalica, k\u0148azsk\u00e1 vysviacka: <strong>14. 6.1981<\/strong> &#8211; Bratislava, prim\u00edcie: <strong>21. 6.1981<\/strong> &#8211; <strong>Lopa\u0161ov<\/strong> &#8211; kazate\u013e vdp.<strong> Alojz LACKOVI\u010c<\/strong><\/span>, <span style=\"font-size: 16px;\">p\u00f4sobisk\u00e1: Dvorn\u00edky, Hol\u00ed\u010d, Trnava &#8211; sv. Mikul\u00e1\u0161a, Bu\u010dany, Sere\u010f, Moravany nad V\u00e1hom, Zavar<\/span><\/p>\n<p>&nbsp;<\/p>\n<p><span style=\"font-size: 18px;\"><span style=\"font-family: lucida sans unicode,lucida grande,sans-serif;\"><strong><em>Vdp. FLAJ\u017d\u00cdK Pavel, Mgr.<\/em><\/strong><\/span><\/span><\/p>\n<p><span style=\"font-size: 16px;\">nar.: <strong>23.12.1956<\/strong> &#8211; Skalica, k\u0148azsk\u00e1 vysviacka: <strong>12. 6.1983<\/strong> &#8211; Bratislava, prim\u00edcie: <strong>19. 6.1983<\/strong> &#8211; <strong>Rado\u0161ovce<\/strong> &#8211; kazate\u013e vdp. <strong>Peter KU\u010cERA<\/strong><\/span>, <span style=\"font-size: 16px;\">p\u00f4sobisk\u00e1: Levice, Pezinok, Bratislava, Lozorno, Doln\u00fd Ohaj, Jablonica, Dubov\u00e1, Roho\u017en\u00edk<\/span><\/p>\n<p>&nbsp;<\/p>\n<p><span style=\"font-size: 18px;\"><span style=\"font-family: lucida sans unicode,lucida grande,sans-serif;\"><strong><em>Vdp. MIKULA Felix, Mons., Mgr., dekan<\/em><\/strong><\/span><\/span><\/p>\n<p><span style=\"font-size: 16px;\">nar.:&nbsp; <strong>1. 6.1950<\/strong> &#8211; Rado\u0161ovce, k\u0148azsk\u00e1 vysviacka: <strong>15. 6.1986<\/strong> &#8211; Bratislava, prim\u00edcie: <strong>22. 6.1986<\/strong> &#8211; <strong>Rado\u0161ovce<\/strong> &#8211; kazate\u013e vdp. <strong>Bohumil MIKULA<\/strong><\/span>, <span style=\"font-size: 16px;\">p\u00f4sobisk\u00e1: Pie\u0161\u0165any, Stupava, Miloslavov<\/span><\/p>\n<p>&nbsp;<\/p>\n<p><span style=\"font-size: 18px;\"><span style=\"font-family: lucida sans unicode,lucida grande,sans-serif;\"><strong><em>Vdp. FLAJ\u017d\u00cdK J\u00e1n, Mgr.<\/em><\/strong><\/span><\/span><\/p>\n<p><span style=\"font-size: 16px;\">nar.: <strong>11.10.1964<\/strong> &#8211; Skalica, k\u0148azsk\u00e1 vysviacka: <strong>18. 6.1988<\/strong> &#8211; Bansk\u00e1 Bystrica, prim\u00edcie: <strong>26. 6.1988<\/strong> &#8211; <strong>Rado\u0161ovce<\/strong> &#8211; kazate\u013e vdp. <strong>Pavel FLAJ\u017d\u00cdK<\/strong><\/span>,<span style=\"font-size: 16px;\"> p\u00f4sobisk\u00e1: Martin, Hri\u0148ov\u00e1, Jastrab\u00e1, <\/span><span style=\"font-size: 16px;\">\u017darnovica, Ladomersk\u00e1 Vieska, \u017diar nad Hronom<\/span><\/p>\n<p>&nbsp;<\/p>\n<p><span style=\"font-size: 18px;\"><span style=\"font-family: lucida sans unicode,lucida grande,sans-serif;\"><strong><em>Vdp. KONE\u010cN\u00dd Ivan, Ing., Mgr., dekan<\/em><\/strong><\/span><\/span><\/p>\n<p><span style=\"font-size: 16px;\">nar.: <strong>19. 4.1944<\/strong> &#8211; Rado\u0161ovce, k\u0148azsk\u00e1 vysviacka: <strong>25. 5.1975<\/strong> &#8211;&nbsp;&nbsp;&nbsp;&nbsp;&nbsp;&nbsp; prim\u00edcie: <strong>26. 8.1990<\/strong> &#8211; <strong>Rado\u0161ovce<\/strong> &#8211; kazate\u013e vdp. <strong>August\u00edn DR\u017dKA<\/strong>, p\u00f4sobisk\u00e1: \u010cierne pri \u010cadci,<\/span><span style=\"font-size: 16px;\"> \u010cadca, Pova\u017esk\u00e9 Podhradie, <strong>2019<\/strong> &#8211; na odpo\u010dinku<\/span><\/p>\n<p>&nbsp;<\/p>\n<p><em><strong><span style=\"font-size: 18px;\"><span style=\"font-family: lucida sans unicode,lucida grande,sans-serif;\">Vdp. KUDL\u00c1\u010c Peter<\/span>, <span style=\"font-family: lucida sans unicode,lucida grande,sans-serif;\">Mgr.<\/span><\/span><\/strong><\/em><\/p>\n<p><span style=\"font-size: 16px;\">nar.: <strong>25.12.1968<\/strong> &#8211; Skalica, k\u0148azsk\u00e1 vysviacka: <strong>10. 6.1995<\/strong> &#8211; Bratislava, prim\u00edcie: <strong>18. 6.1995<\/strong> &#8211; <strong>Rado\u0161ovce<\/strong> &#8211; kazate\u013e vdp. <\/span><strong><span style=\"font-size: 16px;\">Andrej DERMEK, SDB<\/span><\/strong>,<span style=\"font-size: 16px;\"> p\u00f4sobisk\u00e1: <\/span><span style=\"font-size: 16px;\">Zlat\u00e9 Moravce, Star\u00fd Tekov, Topo\u013e\u010dany, Malacky, Smolinsk\u00e9, \u010c\u00e1ry, Z\u00e1vod<\/span><\/p>\n<p>&nbsp;<\/p>\n<p><em><strong><span style=\"font-size: 18px;\"><span style=\"font-family: lucida sans unicode,lucida grande,sans-serif;\">Vdp. BEDERKA Miroslav<\/span><\/span><\/strong><\/em><em><strong><span style=\"font-family: lucida sans unicode,lucida grande,sans-serif;\"><span style=\"font-size: 18px;\">, Mgr.<\/span><\/span><\/strong><\/em><\/p>\n<p><span style=\"font-size: 16px;\">nar.: <strong>10. 8.1972<\/strong> &#8211; Skalica, k\u0148azsk\u00e1 vysviacka: <strong>31. 8.1996<\/strong> &#8211; Trnava, prim\u00edcie:&nbsp;<strong> 8. 9.1996<\/strong> &#8211; <strong>Lopa\u0161ov<\/strong> &#8211; kazate\u013e vdp. <strong>Jozef<\/strong><\/span><strong> <span style=\"font-size: 16px;\">JURINA<\/span><\/strong>,<span style=\"font-size: 16px;\"> p\u00f4sobisk\u00e1 &#8211; Hlohovec, Nov\u00e9 Mesto nad V\u00e1hom, Jacovce, Dechtice, Bansk\u00e1 \u0160tiavnica, Star\u00e1 Tur\u00e1, Jakubov, Sv\u00e4t\u00fd Jur, Bratislava &#8211; D\u00fabravka<\/span><\/p>\n<p>&nbsp;<\/p>\n<p><strong><em><span style=\"font-size: 18px;\"><span style=\"font-family: lucida sans unicode,lucida grande,sans-serif;\">Vdp. M\u00c1\u0160IK Peter, Ing., ThLic.<\/span><\/span><\/em><\/strong><\/p>\n<p><span style=\"font-size: 16px;\">nar.:<strong>&nbsp; 5. 6.1969<\/strong> &#8211; Skalica, k\u0148azsk\u00e1 vysviacka:&nbsp; <strong>3. 7.1999<\/strong> &#8211; Trnava, prim\u00edcie:&nbsp; <strong>5. <\/strong><strong>7.1999<\/strong> &#8211; <strong>Lopa\u0161ov<\/strong> &#8211; kazate\u013e vdp. <\/span><strong><span style=\"font-size: 16px;\">J\u00e1n HALLON<\/span><\/strong><span style=\"font-size: 16px;\">, p\u00f4sobisk\u00e1: \u0160amor\u00edn, Z\u00e1vod, Bratislava, Malacky<\/span><\/p>\n<p>&nbsp;<\/p>\n<p><strong><span style=\"font-size: 18px;\"><span style=\"font-family: lucida sans unicode,lucida grande,sans-serif;\"><em>Vdp. RAJ\u010c\u00c1K Radovan, Mgr.<\/em><\/span><\/span><\/strong><\/p>\n<p><span style=\"font-size: 16px;\">nar.: <strong>12. 1.1988<\/strong> &#8211; Skalica, k\u0148azsk\u00e1 vysviacka: <strong>15. 6.2013<\/strong> &#8211; Bratislava, prim\u00edcie:<strong> 6.2013<\/strong> &#8211; <strong>Rado\u0161ovce<\/strong> &#8211; kazate\u013e vdp. <strong>Mari\u00e1n ME\u0147U\u0160<\/strong><\/span>, <span style=\"font-size: 16px;\">p\u00f4sobisk\u00e1: Senica, Bratislava<\/span><\/p>\n<p>&nbsp;<\/p>\n<p><span style=\"font-size: 18px;\"><span style=\"font-family: lucida sans unicode,lucida grande,sans-serif;\"><strong><em>Vdp. V\u00c1VRA Marek, Mgr.<\/em><\/strong><\/span><\/span><\/p>\n<p><span style=\"font-size: 16px;\">nar.: <strong>8. 4.1994<\/strong> &#8211; Skalica, k\u0148azsk\u00e1 vysviacka: <strong>13. 6.2020<\/strong> &#8211; Bratislava, prim\u00edcie: <strong>27. 6.2020<\/strong> &#8211; <strong>Rado\u0161ovce<\/strong> &#8211; kazate\u013e vdp. <strong>Radovan RAJ\u010c\u00c1K<\/strong>, p\u00f4sobisk\u00e1: Pezinok, Bratislava sv. Al\u017ebety<\/span><\/p>\n<p>&nbsp;<\/p>\n<p><span style=\"font-family: lucida sans unicode,lucida grande,sans-serif;\"><span style=\"font-size: 18px;\"><strong><em>Vdp. STA\u0160EK Dominik, Mgr.<\/em><\/strong><\/span><\/span><\/p>\n<p><span style=\"font-family: arial,helvetica,sans-serif;\"><span style=\"font-size: 16px;\">nar. <strong>13. 9.1990<\/strong> &#8211; Skalica, k\u0148azsk\u00e1 vysviacka <strong>15. 6.2024<\/strong> &#8211; Nitra, prim\u00edcie: <strong>22. 6.2024<\/strong> &#8211; <strong>Oresk\u00e9<\/strong> &#8211; kazate\u013e vdp. <strong>Mons. Mari\u00e1n DRAG\u00da\u0147<\/strong>, rektor semin\u00e1ra Nitra, p\u00f4sobisk\u00e1: Tren\u010d\u00edn &#8211; juh<\/span><\/span><\/p>\n","protected":false},"excerpt":{"rendered":"<p>Vdp. KUB\u00cdK Anton, dekan nar.:&nbsp; 3. 6.1902 &#8211; Rado\u0161ovce, k\u0148azsk\u00e1 vysviacka:&nbsp; 3. 7.1928, p\u00f4sobil vo Vrbovom, Ve\u013ek\u00fd Cet\u00edn, Vinodol, Star\u00e1 Tur\u00e1, Brodsk\u00e9, Semerovo, Zohor, od 1958 do 1964 mimo pastor\u00e1ciu, Horn\u00e9 Obdokovce, Baj\u010d, Te\u0161ed\u00edkovo, zomrel: 27. 1.1985, pochovan\u00fd v Rado\u0161ovciach &nbsp; Vdp. MIKULA Felix, ThDr., teol\u00f3g a publicista nar.: 27. 3.1906 &#8211; Vieska, k\u0148azsk\u00e9 \u0161t\u00fadia &hellip; <\/p>\n<p><a class=\"more-link btn\" href=\"https:\/\/radosovce.fara.sk\/?page_id=620\">Chcem vedie\u0165 viac<\/a><\/p>\n","protected":false},"author":1,"featured_media":0,"parent":12,"menu_order":2,"comment_status":"closed","ping_status":"closed","template":"","meta":{"ngg_post_thumbnail":0,"footnotes":""},"class_list":["post-620","page","type-page","status-publish","hentry","nodate","item-wrap"],"_links":{"self":[{"href":"https:\/\/radosovce.fara.sk\/index.php?rest_route=\/wp\/v2\/pages\/620","targetHints":{"allow":["GET"]}}],"collection":[{"href":"https:\/\/radosovce.fara.sk\/index.php?rest_route=\/wp\/v2\/pages"}],"about":[{"href":"https:\/\/radosovce.fara.sk\/index.php?rest_route=\/wp\/v2\/types\/page"}],"author":[{"embeddable":true,"href":"https:\/\/radosovce.fara.sk\/index.php?rest_route=\/wp\/v2\/users\/1"}],"replies":[{"embeddable":true,"href":"https:\/\/radosovce.fara.sk\/index.php?rest_route=%2Fwp%2Fv2%2Fcomments&post=620"}],"version-history":[{"count":3,"href":"https:\/\/radosovce.fara.sk\/index.php?rest_route=\/wp\/v2\/pages\/620\/revisions"}],"predecessor-version":[{"id":4147,"href":"https:\/\/radosovce.fara.sk\/index.php?rest_route=\/wp\/v2\/pages\/620\/revisions\/4147"}],"up":[{"embeddable":true,"href":"https:\/\/radosovce.fara.sk\/index.php?rest_route=\/wp\/v2\/pages\/12"}],"wp:attachment":[{"href":"https:\/\/radosovce.fara.sk\/index.php?rest_route=%2Fwp%2Fv2%2Fmedia&parent=620"}],"curies":[{"name":"wp","href":"https:\/\/api.w.org\/{rel}","templated":true}]}}