{"id":65,"date":"2015-02-18T20:40:25","date_gmt":"2015-02-18T20:40:25","guid":{"rendered":"http:\/\/radosovce.fara.sk\/?page_id=65"},"modified":"2018-09-18T11:43:34","modified_gmt":"2018-09-18T10:43:34","slug":"aktualne-dianie","status":"publish","type":"page","link":"https:\/\/radosovce.fara.sk\/?page_id=65","title":{"rendered":"Aktu\u00e1lne dianie"},"content":{"rendered":"<div align=\"center\">\n<p><span style=\"color: #0000ff;\"><span style=\"font-size: 24px;\"><span style=\"font-family: georgia,serif;\">N\u00e1v\u0161teva reho\u013enej sestry Siardy.<\/span><\/span><\/span><\/p>\n<h3 style=\"text-align: left;\"><span style=\"font-size: 12pt;\">18. marca 2017 Rodzinu veseu\u00fa nav\u0161t\u00edvala reho\u013en\u00e1 sestra Siarda, premon\u0161tr\u00e1tka z\u00a0Trnavy. Stretnutie s\u00a0\u0148ou sme rozpl\u00e1novali na dve \u010dasti.<\/span><\/h3>\n<h3 style=\"text-align: left;\"><span style=\"font-size: 12pt;\">Najsk\u00f4r sa stretla s\u00a0mlad\u0161\u00edmi \u010dlenmi Rodziny veseuej, t. j. od \u0161k\u00f4lkarov a\u017e po posledn\u00fd ro\u010dn\u00edk Z\u0160, pre ktor\u00fdch si okrem in\u00e9ho pripravila aj zauj\u00edmav\u00e9 p\u00f4stne aktivity.<\/span><\/h3>\n<h3 style=\"text-align: left;\"><span style=\"font-size: 12pt;\">Potom sme ju pozvali na faru na ve\u010deru, kde sa stretla aj s\u00a0p. far\u00e1rom a\u00a0p. kapl\u00e1nom. Po ve\u010deri sme pokra\u010dovali stretnut\u00edm s\u00a0ml\u00e1de\u017eou od 1. ro\u010dn\u00edka stredn\u00fdch \u0161k\u00f4l a\u017e po dospel\u00fdch vr\u00e1tane p. far\u00e1ra a\u00a0p. kapl\u00e1na.<\/span><\/h3>\n<h3 style=\"text-align: left;\"><span style=\"font-size: 12pt;\">I\u00a0pre t\u00fato skupinu si pripravila t\u00e9mu p\u00f4stu primeran\u00fa vekovej kateg\u00f3rii.<\/span><\/h3>\n\n\t\t<style type=\"text\/css\">\n\t\t\t#gallery-1 {\n\t\t\t\tmargin: auto;\n\t\t\t}\n\t\t\t#gallery-1 .gallery-item {\n\t\t\t\tfloat: left;\n\t\t\t\tmargin-top: 10px;\n\t\t\t\ttext-align: center;\n\t\t\t\twidth: 25%;\n\t\t\t}\n\t\t\t#gallery-1 img {\n\t\t\t\tborder: 2px solid #cfcfcf;\n\t\t\t}\n\t\t\t#gallery-1 .gallery-caption {\n\t\t\t\tmargin-left: 0;\n\t\t\t}\n\t\t\t\/* see gallery_shortcode() in wp-includes\/media.php *\/\n\t\t<\/style>\n\t\t<div id='gallery-1' class='gallery galleryid-65 gallery-columns-4 gallery-size-thumbnail'><dl class='gallery-item'>\n\t\t\t<dt class='gallery-icon landscape'>\n\t\t\t\t<a href='https:\/\/radosovce.fara.sk\/wp-content\/uploads\/2015\/02\/P1030653.jpg'><img loading=\"lazy\" decoding=\"async\" width=\"150\" height=\"150\" src=\"https:\/\/radosovce.fara.sk\/wp-content\/uploads\/2015\/02\/P1030653-150x150.jpg\" class=\"attachment-thumbnail size-thumbnail\" alt=\"\" srcset=\"https:\/\/radosovce.fara.sk\/wp-content\/uploads\/2015\/02\/P1030653-150x150.jpg 150w, https:\/\/radosovce.fara.sk\/wp-content\/uploads\/2015\/02\/P1030653-1200x1200.jpg 1200w\" sizes=\"auto, (max-width: 150px) 100vw, 150px\" data-wp-pid=\"1866\" \/><\/a>\n\t\t\t<\/dt><\/dl><dl class='gallery-item'>\n\t\t\t<dt class='gallery-icon landscape'>\n\t\t\t\t<a href='https:\/\/radosovce.fara.sk\/wp-content\/uploads\/2015\/02\/P1030649.jpg'><img loading=\"lazy\" decoding=\"async\" width=\"150\" height=\"150\" src=\"https:\/\/radosovce.fara.sk\/wp-content\/uploads\/2015\/02\/P1030649-150x150.jpg\" class=\"attachment-thumbnail size-thumbnail\" alt=\"\" data-wp-pid=\"1865\" \/><\/a>\n\t\t\t<\/dt><\/dl><dl class='gallery-item'>\n\t\t\t<dt class='gallery-icon landscape'>\n\t\t\t\t<a href='https:\/\/radosovce.fara.sk\/wp-content\/uploads\/2015\/02\/P1030647.jpg'><img loading=\"lazy\" decoding=\"async\" width=\"150\" height=\"150\" src=\"https:\/\/radosovce.fara.sk\/wp-content\/uploads\/2015\/02\/P1030647-150x150.jpg\" class=\"attachment-thumbnail size-thumbnail\" alt=\"\" data-wp-pid=\"1864\" \/><\/a>\n\t\t\t<\/dt><\/dl><dl class='gallery-item'>\n\t\t\t<dt class='gallery-icon landscape'>\n\t\t\t\t<a href='https:\/\/radosovce.fara.sk\/wp-content\/uploads\/2015\/02\/P1030640.jpg'><img loading=\"lazy\" decoding=\"async\" width=\"150\" height=\"150\" src=\"https:\/\/radosovce.fara.sk\/wp-content\/uploads\/2015\/02\/P1030640-150x150.jpg\" class=\"attachment-thumbnail size-thumbnail\" alt=\"\" data-wp-pid=\"1863\" \/><\/a>\n\t\t\t<\/dt><\/dl><br style=\"clear: both\" \/>\n\t\t<\/div>\n\n<h3 style=\"text-align: left;\"><span style=\"font-size: 12pt;\">Porozpr\u00e1vala tie\u017e o\u00a0svojej zauj\u00edmavej ceste k\u00a0povolaniu do zasv\u00e4ten\u00e9ho \u017eivota. Pribl\u00ed\u017eila \u017eivot ich zakladate\u013ea sv. Norberta a\u00a0podelila sa o\u00a0z\u00e1\u017eitky z\u00a0evanjeliza\u010dnej \u010dinnosti, ktor\u00fa v\u00a0s\u00fa\u010dasnosti okrem in\u00e9ho praktizuje aj v\u00a0modernej po\u010d\u00edta\u010dovej firme, kde raz t\u00fd\u017edenne rob\u00ed Biblick\u00e9 ra\u0148ajky pre zamestnancov, ktor\u00ed maj\u00fa z\u00e1ujem.<\/span><\/h3>\n<p>&nbsp;<\/p>\n<\/div>\n<div align=\"center\">\n<hr \/>\n<p>&nbsp;<\/p>\n<h1 class=\"post-title entry-title\"><span style=\"font-size: 18pt;\"><strong><span style=\"color: #0000ff;\">25 rokov Rodziny veseuej<\/span><\/strong><\/span><\/h1>\n<\/div>\n<div align=\"center\"><\/div>\n<p>[fvplayer src=&#8220;https:\/\/radosovce.fara.sk\/wp-content\/uploads\/2018\/01\/RV_25_1.mp4&#8243; width=&#8220;720&#8243; height=&#8220;576&#8243;]<\/p>\n<hr \/>\n<h2><\/h2>\n<p style=\"text-align: center;\"><span style=\"color: #0000cd;\"><strong><span style=\"font-size: 22px;\"><span style=\"font-family: arial,helvetica,sans-serif;\">Premi\u00e9ra <em>Mau\u00ed chuapec z Rado\u0161ovec 3<\/em><\/span><\/span><\/strong><\/span><\/p>\n<p style=\"text-align: center;\"><span style=\"color: #000000;\"><span style=\"font-size: 18px;\"><span style=\"font-family: arial,helvetica,sans-serif;\">Kult\u00farny\u00a0dom\u00a0Rado\u0161ovce<\/span><\/span><\/span><\/p>\n<p style=\"text-align: center;\"><span style=\"color: #000000;\"><span style=\"font-size: 18px;\"><span style=\"font-family: arial,helvetica,sans-serif;\">20. novenbra\u00a02016\u00a0o\u00a016:00 hod.<\/span><\/span><\/span><\/p>\n<p>&nbsp;<\/p>\n<h1 style=\"text-align: center;\"><span style=\"color: #ff0000;\">\u00a0 \u00a0 \u00a0\u00a0<strong>\u00a0<\/strong>\u21d3<\/span><span style=\"text-decoration: underline; color: #ff0000;\">UP\u00daTAVKA:<\/span><span style=\"color: #ff0000;\">\u21d3<\/span><\/h1>\n<div class=\"embed-container\"><iframe loading=\"lazy\" width=\"823\" height=\"463\" src=\"https:\/\/www.youtube.com\/embed\/Xi4jDHQXD98?feature=oembed\" frameborder=\"0\" allow=\"autoplay; encrypted-media\" allowfullscreen><\/iframe><\/div>\n<hr \/>\n<h3><\/h3>\n<h3>Teraz pracujeme na dlhodobom projekte. Nat\u00e1\u010dame seri\u00e1l pod\u013ea kni\u017enej predlohy Felixa H\u00e1ja ( pseudonym Marie W\u00e1gnerovej \u010cernej) \u0160kol\u00e1k K\u00e1ja Ma\u0159\u00edk.<\/h3>\n<h3>Pl\u00e1nujeme vyda\u0165 3 DVD.<\/h3>\n<h3>Prv\u00e9 n\u00e1m u\u017e vy\u0161lo v\u00a0novembri 2014 pod n\u00e1zvom: Mau\u00ed chuapec z\u00a0Rado\u0161ovec 1.<\/h3>\n<h3>Nach\u00e1dza sa na \u0148om 6 pr\u00edbehov + \u00favodn\u00fd a\u00a0z\u00e1vere\u010dn\u00fd videoklip:<\/h3>\n<ul>\n<li>\n<h3>K\u00e1ja m\u00e1 starost o\u00a0nemocn\u00fa Zdeni\u010dku<\/h3>\n<\/li>\n<li>\n<h3>K\u00e1ja se Zdenk\u00fa pas\u00fa husi\u010dky<\/h3>\n<\/li>\n<li>\n<h3>K\u00e1ja u\u010d\u00ed Zdenku kotrmelce<\/h3>\n<\/li>\n<li>\n<h3>Pan lesn\u00fd ukazuje chupacom, de maj\u00fa prach<\/h3>\n<\/li>\n<li>\n<h3>Co sa stauo K\u00e1jovi de\u0148 pred Bo\u017e\u00edm Teuem<\/h3>\n<\/li>\n<li>\n<h3>Sv\u00e1tek Bo\u017e\u00edho Teua v Rado\u0161ofc\u00e1ch<\/h3>\n<\/li>\n<\/ul>\n<h2><span style=\"color: #0000ff;\"><a href=\"https:\/\/radosovce.fara.sk\/wp-content\/uploads\/2015\/02\/img079.jpg\"><img loading=\"lazy\" decoding=\"async\" class=\"aligncenter wp-image-313 size-medium\" src=\"https:\/\/radosovce.fara.sk\/wp-content\/uploads\/2015\/02\/img079-238x300.jpg\" alt=\"img079\" width=\"238\" height=\"300\" srcset=\"https:\/\/radosovce.fara.sk\/wp-content\/uploads\/2015\/02\/img079-238x300.jpg 238w, https:\/\/radosovce.fara.sk\/wp-content\/uploads\/2015\/02\/img079-812x1024.jpg 812w, https:\/\/radosovce.fara.sk\/wp-content\/uploads\/2015\/02\/img079.jpg 822w\" sizes=\"auto, (max-width: 238px) 100vw, 238px\" \/><\/a><\/span><\/h2>\n<h3>Po\u010das 22 ro\u010dnej existencie n\u00e1\u0161ho spolo\u010denstva sa n\u00e1m venovali viacer\u00ed k\u0148azi, ktor\u00fdch P\u00e1n Boh poslal do na\u0161ej farnosti. Ka\u017ed\u00fd sa n\u00e1m sna\u017eil odovzda\u0165 to najlep\u0161ie, \u010do od Boha dostal. Medzi nimi bol v\u0161ak jeden k\u0148az, ktor\u00fd najsk\u00f4r vy\u0161tudoval lesn\u00edcku \u0161kolu a vo vo\u013enom \u010dase r\u00e1d pracuje s kamerou. Tieto svoje dve l\u00e1sky spojil s najv\u00e4\u010d\u0161ou l\u00e1skou k Bohu a pomocou nich n\u00e1s viedol k Nemu bli\u017e\u0161ie. Hoci rozhodnutie e\u0161te nie\u010do nafilmova\u0165 bolo motivovan\u00e9 jeho predchodcom, ot\u00e1zka \u010do konkr\u00e9tne to bude sa vyrie\u0161ila a\u017e o \u0161tyri roky nesk\u00f4r v Slovenskom raji, ke\u010f sme v jeden ve\u010der pre\u010d\u00edtali 7. kapitolu v knihe \u0160kol\u00e1k K\u00e1ja Ma\u0159ik a to napokon rozhodlo. Pr\u00edbehy o tomto chlapcovi zachyt\u00e1vaj\u00fa kr\u00e1su lesov, pr\u00edrody, trad\u00edcie na\u0161ich predkov, kroje i \u00faprimn\u00fa zbo\u017enos\u0165 v ka\u017edodennom \u017eivote. Napadla n\u00e1m zasadi\u0165 niektor\u00e9 z K\u00e1jovych pr\u00edbehov do n\u00e1\u0161ko prostredia a pomocou kamery pribl\u00ed\u017ei\u0165 v\u00e1m v\u0161et<wbr \/>k\u00fdm.<\/h3>\n<h3><span style=\"text-decoration: underline;\">Nasledoval rok pr\u00edprav:<\/span><\/h3>\n<h3>&#8211; h\u013eadanie hlavn\u00fdch post\u00e1v (ke\u010f sme ich na\u0161li, pracovali sme priebe\u017ene po\u010das roku na ich)<\/h3>\n<h3>-obsadenie ved\u013eaj\u0161\u00edch post\u00e1v,<\/h3>\n<h3>-v\u00fdber interi\u00e9ru a exteri\u00e9ru,<\/h3>\n<h3>-v\u00fdroba kost\u00fdmov a kul\u00eds,<\/h3>\n<h3>-premyslenie v\u0161etk\u00fdch detailov.<\/h3>\n<h3>Potom pri\u0161iel 14. apr\u00edl 2012,\u00a0<wbr \/>kedy padla prv\u00e1 klapka.<\/h3>\n<h3>Spojili sme l\u00e1sku k Bohu s l\u00e1skou k pr\u00edrode a k flmovaniu, tak ako n\u00e1m to svoj\u00edm pr\u00edkladom uk\u00e1zal n\u00e1\u0161 b\u00fdval\u00fd p\u00e1n kapl\u00e1n Mari\u00e1n Me\u0148u\u0161. Nako\u013eko sa n\u00e1m to podarilo, pos\u00fa\u010fte sami \ud83d\ude42<\/h3>\n<p>****************************************************************************************************<\/p>\n<h3>Premi\u00e9ru druh\u00e9ho DVD pl\u00e1nujeme na september 2015.<\/h3>\n<h3>Malo by sa na \u0148om nach\u00e1dza\u0165 \u010fal\u0161\u00edch 5 pr\u00edbehov:<\/h3>\n<ul>\n<li>\n<h3>K\u00e1ja a\u00a0pan l\u00fape\u017en\u00edk<\/h3>\n<\/li>\n<li>\n<h3>Kn\u00ed\u017ea pan<\/h3>\n<\/li>\n<li>\n<h3>Na zamku<\/h3>\n<\/li>\n<li>\n<h3>Na sb\u00edrce s\u00a0milosrdnim bratrem<\/h3>\n<\/li>\n<li>\n<h3>K\u00e1ja vydymuje ( trojkr\u00e1lov\u00e1 posv\u00edcka )<\/h3>\n<\/li>\n<\/ul>\n<h3>\u00a0Na dokon\u010den\u00ed DVD 2 moment\u00e1lne st\u00e1le pracujeme a\u00a0pripravujeme ho do kone\u010dnej verzie.<\/h3>\n<h2><span style=\"color: #3366ff;\">Odkaz na ofici\u00e1lnu str\u00e1nku K\u00c1JU MA\u0158\u00cdKA: \u00a0<a style=\"color: #3366ff;\" href=\"http:\/\/skolakkajamarik.cz\/\" target=\"_blank\" rel=\"noopener\">http:\/\/skolakkajamarik.cz\/<\/a><\/span><\/h2>\n<h3><span style=\"color: #333399;\">Kto m\u00e1\u00a0z\u00e1ujem o toto DVD\u00a0<strong>Mau\u00ed chuapec z\u00a0Rado\u0161ovec 1<\/strong><strong>\u00a0<\/strong>si ho m\u00f4\u017ee objedna\u0165 prostredn\u00edctvom mailovej adresy:<strong> rodzinaveseua@gmail.com<\/strong><\/span><\/h3>\n<h1 style=\"text-align: center;\"><span style=\"text-decoration: underline;\"><span style=\"color: #ff0000;\"><strong>\u21d3FOTO z NAT\u00c1\u010cANIA\u21d3<\/strong><\/span><\/span><\/h1>\n<p>&nbsp;<\/p>\n\n\t\t<style type=\"text\/css\">\n\t\t\t#gallery-2 {\n\t\t\t\tmargin: auto;\n\t\t\t}\n\t\t\t#gallery-2 .gallery-item {\n\t\t\t\tfloat: left;\n\t\t\t\tmargin-top: 10px;\n\t\t\t\ttext-align: center;\n\t\t\t\twidth: 25%;\n\t\t\t}\n\t\t\t#gallery-2 img {\n\t\t\t\tborder: 2px solid #cfcfcf;\n\t\t\t}\n\t\t\t#gallery-2 .gallery-caption {\n\t\t\t\tmargin-left: 0;\n\t\t\t}\n\t\t\t\/* see gallery_shortcode() in wp-includes\/media.php *\/\n\t\t<\/style>\n\t\t<div id='gallery-2' class='gallery galleryid-65 gallery-columns-4 gallery-size-thumbnail'><dl class='gallery-item'>\n\t\t\t<dt class='gallery-icon portrait'>\n\t\t\t\t<a href='https:\/\/radosovce.fara.sk\/wp-content\/uploads\/2015\/03\/P1200480.jpg'><img loading=\"lazy\" decoding=\"async\" width=\"150\" height=\"150\" src=\"https:\/\/radosovce.fara.sk\/wp-content\/uploads\/2015\/03\/P1200480-150x150.jpg\" class=\"attachment-thumbnail size-thumbnail\" alt=\"\" data-wp-pid=\"498\" \/><\/a>\n\t\t\t<\/dt><\/dl><dl class='gallery-item'>\n\t\t\t<dt class='gallery-icon landscape'>\n\t\t\t\t<a href='https:\/\/radosovce.fara.sk\/wp-content\/uploads\/2015\/03\/P1210341.jpg'><img loading=\"lazy\" decoding=\"async\" width=\"150\" height=\"150\" src=\"https:\/\/radosovce.fara.sk\/wp-content\/uploads\/2015\/03\/P1210341-150x150.jpg\" class=\"attachment-thumbnail size-thumbnail\" alt=\"\" data-wp-pid=\"499\" \/><\/a>\n\t\t\t<\/dt><\/dl><dl class='gallery-item'>\n\t\t\t<dt class='gallery-icon landscape'>\n\t\t\t\t<a href='https:\/\/radosovce.fara.sk\/wp-content\/uploads\/2015\/03\/P1210407.jpg'><img loading=\"lazy\" decoding=\"async\" width=\"150\" height=\"150\" src=\"https:\/\/radosovce.fara.sk\/wp-content\/uploads\/2015\/03\/P1210407-150x150.jpg\" class=\"attachment-thumbnail size-thumbnail\" alt=\"\" data-wp-pid=\"500\" \/><\/a>\n\t\t\t<\/dt><\/dl><dl class='gallery-item'>\n\t\t\t<dt class='gallery-icon landscape'>\n\t\t\t\t<a href='https:\/\/radosovce.fara.sk\/wp-content\/uploads\/2015\/03\/P1200056.jpg'><img loading=\"lazy\" decoding=\"async\" width=\"150\" height=\"150\" src=\"https:\/\/radosovce.fara.sk\/wp-content\/uploads\/2015\/03\/P1200056-150x150.jpg\" class=\"attachment-thumbnail size-thumbnail\" alt=\"\" data-wp-pid=\"497\" \/><\/a>\n\t\t\t<\/dt><\/dl><br style=\"clear: both\" \/><dl class='gallery-item'>\n\t\t\t<dt class='gallery-icon landscape'>\n\t\t\t\t<a href='https:\/\/radosovce.fara.sk\/wp-content\/uploads\/2015\/03\/IMG_2590.jpg'><img loading=\"lazy\" decoding=\"async\" width=\"150\" height=\"150\" src=\"https:\/\/radosovce.fara.sk\/wp-content\/uploads\/2015\/03\/IMG_2590-150x150.jpg\" class=\"attachment-thumbnail size-thumbnail\" alt=\"\" data-wp-pid=\"488\" \/><\/a>\n\t\t\t<\/dt><\/dl><dl class='gallery-item'>\n\t\t\t<dt class='gallery-icon landscape'>\n\t\t\t\t<a href='https:\/\/radosovce.fara.sk\/wp-content\/uploads\/2015\/03\/IMG_2714.jpg'><img loading=\"lazy\" decoding=\"async\" width=\"150\" height=\"150\" src=\"https:\/\/radosovce.fara.sk\/wp-content\/uploads\/2015\/03\/IMG_2714-150x150.jpg\" class=\"attachment-thumbnail size-thumbnail\" alt=\"\" data-wp-pid=\"489\" \/><\/a>\n\t\t\t<\/dt><\/dl><dl class='gallery-item'>\n\t\t\t<dt class='gallery-icon portrait'>\n\t\t\t\t<a href='https:\/\/radosovce.fara.sk\/wp-content\/uploads\/2015\/03\/IMG_2792.jpg'><img loading=\"lazy\" decoding=\"async\" width=\"150\" height=\"150\" src=\"https:\/\/radosovce.fara.sk\/wp-content\/uploads\/2015\/03\/IMG_2792-150x150.jpg\" class=\"attachment-thumbnail size-thumbnail\" alt=\"\" data-wp-pid=\"490\" \/><\/a>\n\t\t\t<\/dt><\/dl><dl class='gallery-item'>\n\t\t\t<dt class='gallery-icon portrait'>\n\t\t\t\t<a href='https:\/\/radosovce.fara.sk\/wp-content\/uploads\/2015\/03\/kalend\u00e1rik-3.jpg'><img loading=\"lazy\" decoding=\"async\" width=\"150\" height=\"150\" src=\"https:\/\/radosovce.fara.sk\/wp-content\/uploads\/2015\/03\/kalend\u00e1rik-3-150x150.jpg\" class=\"attachment-thumbnail size-thumbnail\" alt=\"\" data-wp-pid=\"491\" \/><\/a>\n\t\t\t<\/dt><\/dl><br style=\"clear: both\" \/><dl class='gallery-item'>\n\t\t\t<dt class='gallery-icon portrait'>\n\t\t\t\t<a href='https:\/\/radosovce.fara.sk\/wp-content\/uploads\/2015\/03\/P1000808.jpg'><img loading=\"lazy\" decoding=\"async\" width=\"150\" height=\"150\" src=\"https:\/\/radosovce.fara.sk\/wp-content\/uploads\/2015\/03\/P1000808-150x150.jpg\" class=\"attachment-thumbnail size-thumbnail\" alt=\"\" data-wp-pid=\"492\" \/><\/a>\n\t\t\t<\/dt><\/dl><dl class='gallery-item'>\n\t\t\t<dt class='gallery-icon landscape'>\n\t\t\t\t<a href='https:\/\/radosovce.fara.sk\/wp-content\/uploads\/2015\/03\/51.jpg'><img loading=\"lazy\" decoding=\"async\" width=\"150\" height=\"150\" src=\"https:\/\/radosovce.fara.sk\/wp-content\/uploads\/2015\/03\/51-150x150.jpg\" class=\"attachment-thumbnail size-thumbnail\" alt=\"\" data-wp-pid=\"483\" \/><\/a>\n\t\t\t<\/dt><\/dl><dl class='gallery-item'>\n\t\t\t<dt class='gallery-icon landscape'>\n\t\t\t\t<a href='https:\/\/radosovce.fara.sk\/wp-content\/uploads\/2015\/03\/61.jpg'><img loading=\"lazy\" decoding=\"async\" width=\"150\" height=\"150\" src=\"https:\/\/radosovce.fara.sk\/wp-content\/uploads\/2015\/03\/61-150x150.jpg\" class=\"attachment-thumbnail size-thumbnail\" alt=\"\" data-wp-pid=\"484\" \/><\/a>\n\t\t\t<\/dt><\/dl><dl class='gallery-item'>\n\t\t\t<dt class='gallery-icon landscape'>\n\t\t\t\t<a href='https:\/\/radosovce.fara.sk\/wp-content\/uploads\/2015\/03\/DSC_0101.jpg'><img loading=\"lazy\" decoding=\"async\" width=\"150\" height=\"150\" src=\"https:\/\/radosovce.fara.sk\/wp-content\/uploads\/2015\/03\/DSC_0101-150x150.jpg\" class=\"attachment-thumbnail size-thumbnail\" alt=\"\" data-wp-pid=\"485\" \/><\/a>\n\t\t\t<\/dt><\/dl><br style=\"clear: both\" \/><dl class='gallery-item'>\n\t\t\t<dt class='gallery-icon landscape'>\n\t\t\t\t<a href='https:\/\/radosovce.fara.sk\/wp-content\/uploads\/2015\/03\/IMG_2561.jpg'><img loading=\"lazy\" decoding=\"async\" width=\"150\" height=\"150\" src=\"https:\/\/radosovce.fara.sk\/wp-content\/uploads\/2015\/03\/IMG_2561-150x150.jpg\" class=\"attachment-thumbnail size-thumbnail\" alt=\"\" data-wp-pid=\"487\" \/><\/a>\n\t\t\t<\/dt><\/dl><dl class='gallery-item'>\n\t\t\t<dt class='gallery-icon landscape'>\n\t\t\t\t<a href='https:\/\/radosovce.fara.sk\/wp-content\/uploads\/2015\/03\/41.jpg'><img loading=\"lazy\" decoding=\"async\" width=\"150\" height=\"150\" src=\"https:\/\/radosovce.fara.sk\/wp-content\/uploads\/2015\/03\/41-150x150.jpg\" class=\"attachment-thumbnail size-thumbnail\" alt=\"\" data-wp-pid=\"482\" \/><\/a>\n\t\t\t<\/dt><\/dl>\n\t\t\t<br style='clear: both' \/>\n\t\t<\/div>\n\n<p>&nbsp;<\/p>\n","protected":false},"excerpt":{"rendered":"<p>N\u00e1v\u0161teva reho\u013enej sestry Siardy. 18. marca 2017 Rodzinu veseu\u00fa nav\u0161t\u00edvala reho\u013en\u00e1 sestra Siarda, premon\u0161tr\u00e1tka z\u00a0Trnavy. Stretnutie s\u00a0\u0148ou sme rozpl\u00e1novali na dve \u010dasti. Najsk\u00f4r sa stretla s\u00a0mlad\u0161\u00edmi \u010dlenmi Rodziny veseuej, t. j. od \u0161k\u00f4lkarov a\u017e po posledn\u00fd ro\u010dn\u00edk Z\u0160, pre ktor\u00fdch si okrem in\u00e9ho pripravila aj zauj\u00edmav\u00e9 p\u00f4stne aktivity. Potom sme ju pozvali na faru na &hellip; <\/p>\n<p><a class=\"more-link btn\" href=\"https:\/\/radosovce.fara.sk\/?page_id=65\">Chcem vedie\u0165 viac<\/a><\/p>\n","protected":false},"author":1,"featured_media":0,"parent":16,"menu_order":4,"comment_status":"closed","ping_status":"closed","template":"","meta":{"ngg_post_thumbnail":0,"footnotes":""},"class_list":["post-65","page","type-page","status-publish","hentry","nodate","item-wrap"],"_links":{"self":[{"href":"https:\/\/radosovce.fara.sk\/index.php?rest_route=\/wp\/v2\/pages\/65","targetHints":{"allow":["GET"]}}],"collection":[{"href":"https:\/\/radosovce.fara.sk\/index.php?rest_route=\/wp\/v2\/pages"}],"about":[{"href":"https:\/\/radosovce.fara.sk\/index.php?rest_route=\/wp\/v2\/types\/page"}],"author":[{"embeddable":true,"href":"https:\/\/radosovce.fara.sk\/index.php?rest_route=\/wp\/v2\/users\/1"}],"replies":[{"embeddable":true,"href":"https:\/\/radosovce.fara.sk\/index.php?rest_route=%2Fwp%2Fv2%2Fcomments&post=65"}],"version-history":[{"count":0,"href":"https:\/\/radosovce.fara.sk\/index.php?rest_route=\/wp\/v2\/pages\/65\/revisions"}],"up":[{"embeddable":true,"href":"https:\/\/radosovce.fara.sk\/index.php?rest_route=\/wp\/v2\/pages\/16"}],"wp:attachment":[{"href":"https:\/\/radosovce.fara.sk\/index.php?rest_route=%2Fwp%2Fv2%2Fmedia&parent=65"}],"curies":[{"name":"wp","href":"https:\/\/api.w.org\/{rel}","templated":true}]}}